{"id":246,"date":"2016-05-08T10:37:12","date_gmt":"2016-05-08T10:37:12","guid":{"rendered":"http:\/\/wordpress.essener-skiklub.de\/?page_id=246"},"modified":"2020-04-14T13:11:58","modified_gmt":"2020-04-14T13:11:58","slug":"impressum","status":"publish","type":"page","link":"http:\/\/www.essener-skiklub.de\/?page_id=246","title":{"rendered":"Impressum"},"content":{"rendered":"<p><strong>Angaben gem\u00e4\u00df \u00a7 5 TMG:<br \/>\n<\/strong>Essener Skiklub e.V. (ESK)<br \/>\nPostadresse: Postfach 10 27 14, 45027 Essen<br \/>\nVereinssitz: Weidenbruch 47, 45133 Essen<br \/>\nTelefon: +49 (0)177 818 40 37<br \/>\nE-Mail: <a href=\"mailto:verein@essener-skiklub.de\">verein@essener-skiklub.de<\/a><br \/>\nVereinsregister-Nr.: 1772 (Amtsgericht Essen)<br \/>\nSteuer-Nr.: 111\/5781\/1439<br \/>\nGesch\u00e4ftsf\u00fchrender Vorstand: Werner Heinze, Stefan Nieh\u00fcser<\/p>\n<p><strong>Verantwortlich f\u00fcr den Inhalt nach \u00a7 55 Abs. 2 RStV:<\/strong><br \/>\nStefan Nieh\u00fcser (Gesch\u00e4ftsf\u00fchrer)<br \/>\nE-Mail: <a href=\"mailto:stefan.niehueser@essener-skiklub.de\">stefan.niehueser@essener-skiklub.de<\/a><\/p>\n<p><strong>Redaktion:<\/strong><br \/>\nLeonie Venten (Redaktionsleiterin, Webmaster, Administratorin)<br \/>\nStefan Nieh\u00fcser (Stellv. Redaktionsleiter, Administrator)<br \/>\nVladimir Uralskiy (Administrator)<\/p>\n<p><strong>Autoren:<\/strong><br \/>\nESK-Vorstand (esk) <a href=\"mailto:verein@essener-skiklub.de\">verein@essener-skiklub.de<\/a><br \/>\nLo\u00efc d&#8217;Anterroches (lda) <a href=\"mailto:loic.danterroches@essener-skiklub.de\">loic.danterroches@essener-skiklub.de<\/a><br \/>\nMarkus Henkel (mh) <a href=\"mailto:markus.henkel@essener-skiklub.de\">markus.henkel@essener-skiklub.de<\/a><br \/>\nJana Janduda (jj) <a href=\"mailto:jana.janduda@essener-skiklub.de\">jana.janduda@essener-skiklub.de<\/a><br \/>\nStefan Nieh\u00fcser (sn) <a href=\"mailto:stefan.niehueser@essener-skiklub.de\">stefan.niehueser@essener-skiklub.de<\/a><br \/>\nVladimir Uralskiy (vu) <a href=\"mailto:vladmir.uralskiy@essener-skiklub.de\">vladmir.uralskiy@essener-skiklub.de<\/a><br \/>\nLeonie Venten (lv) <a href=\"mailto:leonie.venten@essener-skiklub.de\">leonie.venten@essener-skiklub.de<\/a><br \/>\nUlrich Venten (uv) <a href=\"mailto:ulrich.venten@essener-skiklub.de\">ulrich.venten@essener-skiklub.de<\/a><\/p>\n<p><strong>Bilder:<\/strong><br \/>\nNorbert Brauksiepe, Stefan Nieh\u00fcser, Reinhard Henkel, Matthias Blum, Essener Skiklub, ehemaliger wsv-Bezirk Ruhr-Niederrhein, Archiv; Header Bild: \u00a9\u00a0Leonie Venten<\/p>\n<p><strong>Design, Layout und <\/strong><strong>Technik:<\/strong><br \/>\n<a href=\"http:\/\/www.equipment-studios.de\/\">equipment studios<\/a><\/p>\n<p>\u00a9 www.essener-skiklub.de 2004 &#8211; 2020<br \/>\n\u00a9 www.isenburglauf.de 1999 &#8211; 2020<br \/>\n\u00a9 www.dsv-skischule.de 2013 &#8211; 2020<br \/>\n\u00a9 www.rennteam-essen.de 2003 &#8211; 2006<\/p>\n<p><strong>Rechtshinweise:<br \/>\n<\/strong>Alle in unseren Internetseiten enthaltenen Angaben wurden von der Redaktion oder Dritten sorgf\u00e4ltig recherchiert und gepr\u00fcft. Diese Informationen sind ein Service des Essener Skiklubs. F\u00fcr Richtigkeit, Vollst\u00e4ndigkeit und Aktualit\u00e4t k\u00f6nnen weder die Redaktion noch dritte Lieferanten die Haftung \u00fcbernehmen. Alle Informationen dienen ausschlie\u00dflich zur Information der Besucher des Skiklub-Online- Angebots. Im \u00dcbrigen ist die Haftung auf Vorsatz oder grobe Fahrl\u00e4ssigkeit beschr\u00e4nkt. F\u00fcr Internetseiten Dritter, auf die durch Hyperlink verwiesen wird, tragen die jeweiligen Anbieter die Verantwortung. Der Essener Skiklub ist f\u00fcr den Inhalt solcher Seiten Dritter nicht verantwortlich. Desweiteren kann die Web-Site ohne Wissen der Redaktion von einer anderen Web-Site mittels Hyperlink angeklickt worden sein. Der Essener Skiklub \u00fcbernimmt keine Verantwortung f\u00fcr Darstellungen, Inhalt oder irgendeine Verbindung zu dieser Homepage in Web-Sites Dritter. Au\u00dferdem beh\u00e4lt sich die Redaktion das Recht vor, \u00c4nderungen oder Erg\u00e4nzungen der bereitgestellten Informationen vorzunehemen. Angabe gem\u00e4\u00df \u00a76 Anbieterkennzeichnung des TDG (Teledienstgesetz).<\/p>\n<h2>Haftungsausschluss<\/h2>\n<p><strong>1. Inhalt des Onlineangebotes<\/strong><br \/>\nDer Autor \u00fcbernimmt keinerlei Gew\u00e4hr f\u00fcr die Aktualit\u00e4t, Korrektheit, Vollst\u00e4ndigkeit oder Qualit\u00e4t der bereitgestellten Informationen. Haftungsanspr\u00fcche gegen den Autor, welche sich auf Sch\u00e4den materieller oder ideeller Art beziehen, die durch die Nutzung oder Nichtnutzung der dargebotenen Informationen bzw. durch die Nutzung fehlerhafter und unvollst\u00e4ndiger Informationen verursacht wurden sind grunds\u00e4tzlich ausgeschlossen, sofern seitens des Autors kein nachweislich vors\u00e4tzliches oder grob fahrl\u00e4ssiges Verschulden vorliegt. Alle Angebote sind freibleibend und unverbindlich. Der Autor beh\u00e4lt es sich ausdr\u00fccklich vor, Teile der Seiten oder das gesamte Angebot ohne gesonderte Ank\u00fcndigung zu ver\u00e4ndern, zu erg\u00e4nzen, zu l\u00f6schen oder die Ver\u00f6ffentlichung zeitweise oder endg\u00fcltig einzustellen.<\/p>\n<p><strong>2. Verweise und Links<\/strong><br \/>\nBei direkten oder indirekten Verweisen auf fremde Internetseiten (&#8222;Links&#8220;), die au\u00dferhalb des Verantwortungsbereiches des Autors liegen, w\u00fcrde eine Haftungsverpflichtung ausschlie\u00dflich in dem Fall in Kraft treten, in dem der Autor von den Inhalten Kenntnis hat und es ihm technisch m\u00f6glich und zumutbar w\u00e4re, die Nutzung im Falle rechtswidriger Inhalte zu verhindern. Der Autor erkl\u00e4rt daher ausdr\u00fccklich, dass zum Zeitpunkt der Linksetzung die entsprechenden verlinkten Seiten frei von illegalen Inhalten waren. Der Autor hat keinerlei Einfluss auf die aktuelle und zuk\u00fcnftige Gestaltung und auf die Inhalte der gelinkten \/ verkn\u00fcpften Seiten. Deshalb distanziert er sich hiermit ausdr\u00fccklich von allen Inhalten aller gelinkten \/verkn\u00fcpften Seiten, die nach der Linksetzung ver\u00e4ndert wurden. Diese Feststellung gilt f\u00fcr alle innerhalb des eigenen Internetangebotes gesetzten Links und Verweise sowie f\u00fcr Fremdeintr\u00e4ge in vom Autor eingerichteten G\u00e4steb\u00fcchern, Diskussionsforen und Mailinglisten. F\u00fcr illegale, fehlerhafte oder unvollst\u00e4ndige Inhalte und insbesondere f\u00fcr Sch\u00e4den, die aus der Nutzung oder Nichtnutzung solcherart dargebotener Informationen entstehen, haftet allein der Anbieter der Seite, auf welche verwiesen wurde, nicht derjenige, der \u00fcber Links auf die jeweilige Ver\u00f6ffentlichung lediglich verweist.<\/p>\n<p><strong>3. Urheber- und Kennzeichenrecht<\/strong><br \/>\nDer Autor ist bestrebt, in allen Publikationen die Urheberrechte der verwendeten Grafiken, Tondokumente, Videosequenzen und Texte zu beachten, von ihm selbst erstellte Grafiken, Tondokumente, Videosequenzen und Texte zu nutzen oder auf lizenzfreie Grafiken, Tondokumente, Videosequenzen und Texte zur\u00fcckzugreifen. Alle innerhalb des Internetangebotes genannten und ggf. durch Dritte gesch\u00fctzten Marken- und Warenzeichen unterliegen uneingeschr\u00e4nkt den Bestimmungen des jeweils g\u00fcltigen Kennzeichenrechts und den Besitzrechten der jeweiligen eingetragenen Eigent\u00fcmer. Allein aufgrund der blo\u00dfen Nennung ist nicht der Schlu\u00df zu ziehen, dass Markenzeichen nicht durch Rechte Dritter gesch\u00fctzt sind! Das Copyright f\u00fcr ver\u00f6ffentlichte, vom Autor selbst erstellte Objekte bleibt allein beim Autor der Seiten. Eine Vervielf\u00e4ltigung oder Verwendung solcher Grafiken, Tondokumente, Videosequenzen und Texte in anderen elektronischen oder gedruckten Publikationen ist ohne ausdr\u00fcckliche Zustimmung des Autors nicht gestattet.<\/p>\n<p><strong>4. Rechtswirksamkeit dieses Haftungsausschlusses<\/strong><br \/>\nDieser Haftungsausschluss ist als Teil des Internetangebots zu betrachten, von dem aus auf diese Seite verwiesen wurde. Sofern Teile oder einzelne Formulierungen dieses Textes der geltenden Formulierungen nicht, nicht mehr oder nicht vollst\u00e4ndig entsprechen sollten, bleiben die \u00fcbrigen Teile des Dokuments in ihrem Inhalt und ihrer G\u00fcltigkeit unber\u00fchrt.<\/p>\n","protected":false},"excerpt":{"rendered":"<p>Angaben gem\u00e4\u00df \u00a7 5 TMG: Essener Skiklub e.V. (ESK) Postadresse: Postfach 10 27 14, 45027 Essen Vereinssitz: Weidenbruch 47, 45133 Essen Telefon: +49 (0)177 818 40 37 E-Mail: verein@essener-skiklub.de Vereinsregister-Nr.: &hellip; <a href=\"http:\/\/www.essener-skiklub.de\/?page_id=246\" class=\"more-link\"><span class=\"screen-reader-text\">Impressum<\/span> weiterlesen <span class=\"meta-nav\">&rarr;<\/span><\/a><\/p>\n","protected":false},"author":2,"featured_media":0,"parent":0,"menu_order":0,"comment_status":"closed","ping_status":"closed","template":"","meta":{"footnotes":""},"class_list":["post-246","page","type-page","status-publish","hentry"],"_links":{"self":[{"href":"http:\/\/www.essener-skiklub.de\/index.php?rest_route=\/wp\/v2\/pages\/246","targetHints":{"allow":["GET"]}}],"collection":[{"href":"http:\/\/www.essener-skiklub.de\/index.php?rest_route=\/wp\/v2\/pages"}],"about":[{"href":"http:\/\/www.essener-skiklub.de\/index.php?rest_route=\/wp\/v2\/types\/page"}],"author":[{"embeddable":true,"href":"http:\/\/www.essener-skiklub.de\/index.php?rest_route=\/wp\/v2\/users\/2"}],"replies":[{"embeddable":true,"href":"http:\/\/www.essener-skiklub.de\/index.php?rest_route=%2Fwp%2Fv2%2Fcomments&post=246"}],"version-history":[{"count":16,"href":"http:\/\/www.essener-skiklub.de\/index.php?rest_route=\/wp\/v2\/pages\/246\/revisions"}],"predecessor-version":[{"id":1352,"href":"http:\/\/www.essener-skiklub.de\/index.php?rest_route=\/wp\/v2\/pages\/246\/revisions\/1352"}],"wp:attachment":[{"href":"http:\/\/www.essener-skiklub.de\/index.php?rest_route=%2Fwp%2Fv2%2Fmedia&parent=246"}],"curies":[{"name":"wp","href":"https:\/\/api.w.org\/{rel}","templated":true}]}}