{"id":1297,"date":"2020-03-14T10:14:30","date_gmt":"2020-03-14T10:14:30","guid":{"rendered":"http:\/\/www.essener-skiklub.de\/?page_id=1297"},"modified":"2026-01-05T12:02:37","modified_gmt":"2026-01-05T10:02:37","slug":"termine","status":"publish","type":"page","link":"https:\/\/www.essener-skiklub.de\/?page_id=1297","title":{"rendered":"Termine"},"content":{"rendered":"\n<h3 class=\"wp-block-heading\"><strong>Vereinsevents<\/strong><\/h3>\n\n\n\n<p><strong>Sommerfest 2025<\/strong><br>Das Sommerfest findet voraussichtlich an einem Samstag im<strong> September 2026<\/strong> <strong>im Haus Scheppen<\/strong> am Baldeneysee statt. Gerne m\u00f6chten wir wieder ein buntes Angebot aus Sport und Begegnung schaffen und freuen uns auf ein Wiedersehen!<br>Vereinsmitglieder erhalten eine Einladung mit allen Details Anfang August per E-Mail.<\/p>\n\n\n\n<p><strong>Ordentliche Mitgliederversammlung 2026<\/strong><br>Die ordentliche Mitgliederversammlung findet am <strong>20. April 2026<\/strong> ab 18:30 Uhr statt. Die Einladung geht allen Mitgliedern per E-Mail bzw. postalisch zu.<br>Im Anschluss an die Versammlung findet ab ca. 19:30 Uhr ein geselliger Abschluss statt, hier werden Ehrungen vorgenommen und f\u00fcr das leibliche Wohl wird gesorgt sein.<\/p>\n\n\n\n<p><strong>Volleyball-Event in B\u00fcdel 2025<\/strong><br>Vom <strong>13. bis 15. Juni 2025<\/strong> nehmen einige Skiklub-Mitglieder an einem Volleyball-Turnier in B\u00fcdel teil.<\/p>\n\n\n\n<p><strong>Familien-Wochenende in Hachen 2026<\/strong><br>Vom <strong>11. bis 13. Dezember 2026<\/strong> bietet der Skiklub ein Familien-Wochenende in der Sportschule Hachen mit abwechlungsreichem Programm an.<\/p>\n\n\n\n<h3 class=\"wp-block-heading\">Sportreisen<\/h3>\n\n\n\n<p><strong>Gourmetwanderung 2022<\/strong><br>Sonntag, 21. \u2013 Samstag, 27. August 2022, mehr Infos unter <a rel=\"noreferrer noopener\" href=\"http:\/\/www.essener-skiklub.de\/?page_id=1436\" target=\"_blank\">Sportreisen &#8211; Gourmetwanderungen<\/a><br><br><strong>Skiopening 2022<\/strong><br>Sonntag, 27. November \u2013 Samstag, 3. Dezember 2022, Neustift, Stubaital (AT), mehr Infos unter  <a rel=\"noreferrer noopener\" href=\"http:\/\/www.essener-skiklub.de\/?page_id=1440\" target=\"_blank\">Sportreisen &#8211; Skiopening<\/a><br><br><strong>Skiroulette 2021<\/strong><br>So, 24.01.-31.01.2021, mehr Infos unter  <a rel=\"noreferrer noopener\" href=\"http:\/\/www.essener-skiklub.de\/?page_id=1651\" target=\"_blank\">Sportreisen &#8211; Skiroulette<\/a><\/p>\n\n\n\n<h3 class=\"wp-block-heading\">Wintersport &#8211; regelm\u00e4\u00dfige Termine<\/h3>\n\n\n\n<p class=\"has-dark-gray-color has-text-color\"><strong>Training im Alpincenter Bottrop<\/strong><br>W\u00e4hrend der <strong>Wintersaison<\/strong>: Donnerstag 18:00 &#8211; 20:00 Uhr<br>Im <strong>Sommer<\/strong> jede 2. Woche in der Skihalle Neuss (<strong>Techniktraining<\/strong>) + <strong>Konditraining<\/strong> Donnerstag 18:45 &#8211; 20:00 Uhr im Freien<br>Mehr Infos dazu unter <a href=\"http:\/\/www.essener-skiklub.de\/?page_id=28\" target=\"_blank\" rel=\"noreferrer noopener\">Wintersport &#8211; Alpinsport &#8211; Training<\/a>.<\/p>\n\n\n\n<h3 class=\"wp-block-heading\">Sommersport &#8211; regelm\u00e4\u00dfige Termine<\/h3>\n\n\n\n<p class=\"has-red-color has-text-color\"><\/p>\n\n\n\n<p><strong>Ski- und Fitnessgymnastik<\/strong><br>Dienstag, 19:00 &#8211; 20:00 Uhr, mehr Infos dazu unter <a href=\"http:\/\/www.essener-skiklub.de\/?page_id=1536\" target=\"_blank\" rel=\"noreferrer noopener\">Sommersport &#8211; Erwachsene &#8211; Fitness &amp; Gymnastik<\/a> <br><strong>Das Training findet wieder regelm\u00e4\u00dfig statt!<\/strong><br><br><strong>Ski- und Fitnessgymnastik Plus<\/strong><br>Dienstag, 20:00 &#8211; 21:00 Uhr, mehr Infos dazu unter <a href=\"http:\/\/www.essener-skiklub.de\/?page_id=1539\" target=\"_blank\" rel=\"noreferrer noopener\">Sommersport &#8211; Erwachsene &#8211; Fitness &amp; Gymnastik<\/a><br><strong>Das Training findet wieder regelm\u00e4\u00dfig statt!<\/strong><br><br><strong>Volleyball<\/strong><br>Donnerstag, 20:00 Uhr, mehr Infos dazu unter\u00a0<a href=\"http:\/\/www.essener-skiklub.de\/?page_id=1543\" target=\"_blank\" rel=\"noreferrer noopener\">Sommersport \u2013 Volleyball<\/a><br><strong>Das Training findet wieder regelm\u00e4\u00dfig (zweiw\u00f6chentlich) statt!<\/strong><br><br><strong>Wandern<\/strong><br>Die Wanderungen finden jeweils am 2. Mittwoch des Monats vormittags statt, <br>mehr Infos dazu unter <a href=\"http:\/\/www.essener-skiklub.de\/?page_id=46\" target=\"_blank\" rel=\"noreferrer noopener\">Sommersport &#8211; Wandern<\/a>.<br><strong>Das Termine finden wieder regelm\u00e4\u00dfig statt!<\/strong><br><br><strong>Kinderturnen<\/strong><br>Dienstag, 17:45 &#8211; 18:45 Uhr, mehr Infos dazu unter <a href=\"http:\/\/www.essener-skiklub.de\/?page_id=1559\" target=\"_blank\" rel=\"noreferrer noopener\">Sommersport &#8211; Kinder &amp; Jugendliche &#8211; Kinderturnen<\/a> <br><strong>Das Training findet wieder regelm\u00e4\u00dfig statt!<\/strong><\/p>\n","protected":false},"excerpt":{"rendered":"<p>Vereinsevents Sommerfest 2025Das Sommerfest findet voraussichtlich an einem Samstag im September 2026 im Haus Scheppen am Baldeneysee statt. Gerne m\u00f6chten wir wieder ein buntes Angebot aus Sport und Begegnung schaffen &hellip; <a href=\"https:\/\/www.essener-skiklub.de\/?page_id=1297\" class=\"more-link\"><span class=\"screen-reader-text\">Termine<\/span> weiterlesen <span class=\"meta-nav\">&rarr;<\/span><\/a><\/p>\n","protected":false},"author":2,"featured_media":0,"parent":0,"menu_order":0,"comment_status":"closed","ping_status":"closed","template":"","meta":{"footnotes":""},"class_list":["post-1297","page","type-page","status-publish","hentry"],"_links":{"self":[{"href":"https:\/\/www.essener-skiklub.de\/index.php?rest_route=\/wp\/v2\/pages\/1297","targetHints":{"allow":["GET"]}}],"collection":[{"href":"https:\/\/www.essener-skiklub.de\/index.php?rest_route=\/wp\/v2\/pages"}],"about":[{"href":"https:\/\/www.essener-skiklub.de\/index.php?rest_route=\/wp\/v2\/types\/page"}],"author":[{"embeddable":true,"href":"https:\/\/www.essener-skiklub.de\/index.php?rest_route=\/wp\/v2\/users\/2"}],"replies":[{"embeddable":true,"href":"https:\/\/www.essener-skiklub.de\/index.php?rest_route=%2Fwp%2Fv2%2Fcomments&post=1297"}],"version-history":[{"count":37,"href":"https:\/\/www.essener-skiklub.de\/index.php?rest_route=\/wp\/v2\/pages\/1297\/revisions"}],"predecessor-version":[{"id":2102,"href":"https:\/\/www.essener-skiklub.de\/index.php?rest_route=\/wp\/v2\/pages\/1297\/revisions\/2102"}],"wp:attachment":[{"href":"https:\/\/www.essener-skiklub.de\/index.php?rest_route=%2Fwp%2Fv2%2Fmedia&parent=1297"}],"curies":[{"name":"wp","href":"https:\/\/api.w.org\/{rel}","templated":true}]}}