{"id":1383,"date":"2020-04-19T17:29:46","date_gmt":"2020-04-19T17:29:46","guid":{"rendered":"http:\/\/www.essener-skiklub.de\/?page_id=1383"},"modified":"2025-04-06T13:14:28","modified_gmt":"2025-04-06T11:14:28","slug":"vereinsstruktur","status":"publish","type":"page","link":"https:\/\/www.essener-skiklub.de\/?page_id=1383","title":{"rendered":"Vereinsstruktur"},"content":{"rendered":"\n<h3 class=\"wp-block-heading\">Mitgliederversammlung<\/h3>\n\n\n\n<p>Die Mitgliederversammlung ist das h\u00f6chste Vereinsorgan. J\u00e4hrlich im ersten Quartal eines Jahres findet eine ordentliche Mitgliederversammlung &#8211; die Jahreshauptversammlung &#8211; statt. Unter Umst\u00e4nden kann es zu einer zus\u00e4tzlichen au\u00dferordentlichen Mitgliederversammlung kommen, wenn der Vorstand es beschlie\u00dft, der \u00c4ltestenrat es verlangt oder die Mitglieder es beantragen. Die Mitgliederversammlung trifft teilweise richtungweisende Entscheidungen, beispielsweise:<br>&#8211; \u00c4nderungen der Satzung<br>&#8211; Anpassungen der Beitragsstruktur<br>&#8211; Wahl des Vorstands<br>&#8211; Verabschiedung des Haushalts<\/p>\n\n\n\n<h3 class=\"wp-block-heading\">Gesch\u00e4ftsf\u00fchrender Vorstand<\/h3>\n\n\n\n<p>Der Gesch\u00e4ftsf\u00fchrende Vorstand gem\u00e4\u00df \u00a7 26 BGB besteht im ESK aus bis zu drei Mitgliedern, die jeweils f\u00fcr zwei Jahre gew\u00e4hlt werden.<br><br>Gesch\u00e4ftsf\u00fchrer Finanzen, Verwaltung &amp; Sport: <strong>Werner Heinze<\/strong><br>Gesch\u00e4ftsf\u00fchrer Organisation &amp; Entwicklung: <strong>Stefan Nieh\u00fcser<\/strong><\/p>\n\n\n\n<h3 class=\"wp-block-heading\">Erweiterter Vorstand<\/h3>\n\n\n\n<p>Der erweiterte Vorstand besteht im ESK aus bis zu f\u00fcnf Mitgliedern, die als Beisitzer jeweils f\u00fcr zwei Jahre gew\u00e4hlt werden und die ihnen zugewiesenen Aufgabenfelder verantworten. Zudem geh\u00f6rt ein Vertreter der Jugend (von der Jugendversammlung gew\u00e4hlt) dem erweiterten Vorstand an.<br><br>Kommunikation &amp; Mitgliederverwaltung: <strong>Leonie Venten<\/strong><br>Alpinsport &amp; DSV-Skischule: <strong>Jana Janduda<\/strong><br>Wettkampforganisation Alpin: <strong>Lo\u00efc d&#8217;Anterroches<\/strong><br>Breitensport: <strong>Christian Flores<\/strong><br>Entwicklung: <strong>Winfried Keul<\/strong><br>Vertreter der Jugend: <strong>Julian Goworek<\/strong><\/p>\n\n\n\n<h3 class=\"wp-block-heading\">\u00c4ltestenrat<\/h3>\n\n\n\n<p>Der \u00c4ltestenrat besteht aus bis zu vier Mitgliedern, die mindestens 25 Jahre Mitglied im ESK sein m\u00fcssen und jeweils f\u00fcr zwei Jahre gew\u00e4hlt werden. Der \u00c4ltestenrat ist vom Vorstand beispielsweise einzubinden, wenn ein Mitglied aus dem Verein ausgeschlossen werden soll oder wenn grunds\u00e4tzliche und wesentliche Vereinsangelegenheiten zu beraten sind.<br><br><strong>Michelle Harzheim<\/strong><br><strong>Andrea Hemfort<\/strong><br><strong>Markus Henkel<br>Marcus Lammers<br>Christian Neuhaus<\/strong><\/p>\n\n\n\n<h3 class=\"wp-block-heading\">DSV-Skischule Essener Skiklub<\/h3>\n\n\n\n<p>Unsere vereinseigene vom Deutschen Skiverband (DSV) zertifizierte DSV-Skischule wurde im Dezember 2005 gegr\u00fcndet und erf\u00fcllt insbesondere die satzungsgem\u00e4\u00dfe Aufgabe &#8222;F\u00f6rderung der sportlichen Aus- und Weiterbildung&#8220;. Die Einsatzorte sind dabei vielf\u00e4ltig, gleichwohl abh\u00e4ngig von der zeitlich-\u00f6rtlichen Nachfrage:<br>&#8211; beim Rennsporttraining vor allem f\u00fcr Kinder und Jugendliche<br>&#8211; auf den Skisportreisen der Erwachsenen<br>&#8211; im Rahmen der Meetings in Burgeis und Grimentz f\u00fcr die ganze Familie<br><br>Skischulleiterin: <strong>Jana Janduda<\/strong><br>Sportlicher Leiter &amp; Cheftrainer Alpin: <strong>Ulrich Venten<\/strong><\/p>\n\n\n\n<h3 class=\"wp-block-heading\">Arbeitsgruppen<\/h3>\n\n\n\n<p>Die Vereinsarbeit im ESK basiert wesentlich auf dem Fundament von Arbeitsgruppen. \u00dcber eine breite Einbindung von Skiklub-Mitgliedern auf vielen Feldern der Vereinsarbeit ist es unser Ziel, ein attraktives und vielseitiges Vereinsleben zu gestalten.<br><br><strong>AG Vereinsentwicklung<br>AG Alpinsport<br>AG Webseite<br>AG Wettkampforga<\/strong><\/p>\n\n\n\n<h3 class=\"wp-block-heading\">Partner<\/h3>\n\n\n\n<p>Wesentlich f\u00fcr unsere Arbeit ist die Kooperation mit Partnern au\u00dferhalb des Vereins. Zu bedeutenden Partnern in unserer praktischen Vereinsarbeit geh\u00f6ren unter anderen:<br>&#8211; der westdeutsche skiverband (wsv)<br>&#8211; das alpincenter in Bottrop<\/p>\n\n\n\n<h3 class=\"wp-block-heading\">Kassenpr\u00fcfer<\/h3>\n\n\n\n<p>Zwei von der ordentlichen Mitgliederversammlung gew\u00e4hlte Kassenpr\u00fcfer sind j\u00e4hrlich daf\u00fcr verantwortlich &#8211; im Sinne aller Mitglieder &#8211; die ordnungsgem\u00e4\u00dfe Kassenf\u00fchrung des vorausgegangenen Gesch\u00e4ftsjahres zu pr\u00fcfen.<br><br>Kassenpr\u00fcfer (Gesch\u00e4ftsjahre 2024 und 2025): <strong>Birgit Henkel<\/strong><br>Kassenpr\u00fcfer (Gesch\u00e4ftsjahre 2025 und 2026): <strong>Christian Neuhaus<\/strong><br><br><\/p>\n","protected":false},"excerpt":{"rendered":"<p>Mitgliederversammlung Die Mitgliederversammlung ist das h\u00f6chste Vereinsorgan. J\u00e4hrlich im ersten Quartal eines Jahres findet eine ordentliche Mitgliederversammlung &#8211; die Jahreshauptversammlung &#8211; statt. Unter Umst\u00e4nden kann es zu einer zus\u00e4tzlichen au\u00dferordentlichen &hellip; <a href=\"https:\/\/www.essener-skiklub.de\/?page_id=1383\" class=\"more-link\"><span class=\"screen-reader-text\">Vereinsstruktur<\/span> weiterlesen <span class=\"meta-nav\">&rarr;<\/span><\/a><\/p>\n","protected":false},"author":4,"featured_media":0,"parent":0,"menu_order":0,"comment_status":"closed","ping_status":"closed","template":"","meta":{"footnotes":""},"class_list":["post-1383","page","type-page","status-publish","hentry"],"_links":{"self":[{"href":"https:\/\/www.essener-skiklub.de\/index.php?rest_route=\/wp\/v2\/pages\/1383","targetHints":{"allow":["GET"]}}],"collection":[{"href":"https:\/\/www.essener-skiklub.de\/index.php?rest_route=\/wp\/v2\/pages"}],"about":[{"href":"https:\/\/www.essener-skiklub.de\/index.php?rest_route=\/wp\/v2\/types\/page"}],"author":[{"embeddable":true,"href":"https:\/\/www.essener-skiklub.de\/index.php?rest_route=\/wp\/v2\/users\/4"}],"replies":[{"embeddable":true,"href":"https:\/\/www.essener-skiklub.de\/index.php?rest_route=%2Fwp%2Fv2%2Fcomments&post=1383"}],"version-history":[{"count":13,"href":"https:\/\/www.essener-skiklub.de\/index.php?rest_route=\/wp\/v2\/pages\/1383\/revisions"}],"predecessor-version":[{"id":2050,"href":"https:\/\/www.essener-skiklub.de\/index.php?rest_route=\/wp\/v2\/pages\/1383\/revisions\/2050"}],"wp:attachment":[{"href":"https:\/\/www.essener-skiklub.de\/index.php?rest_route=%2Fwp%2Fv2%2Fmedia&parent=1383"}],"curies":[{"name":"wp","href":"https:\/\/api.w.org\/{rel}","templated":true}]}}