{"id":1387,"date":"2020-04-19T17:56:21","date_gmt":"2020-04-19T17:56:21","guid":{"rendered":"http:\/\/www.essener-skiklub.de\/?page_id=1387"},"modified":"2025-04-05T18:42:32","modified_gmt":"2025-04-05T16:42:32","slug":"ansprechpartner-21","status":"publish","type":"page","link":"https:\/\/www.essener-skiklub.de\/?page_id=1387","title":{"rendered":"Ansprechpartner"},"content":{"rendered":"\n<h3 class=\"wp-block-heading\">Gesch\u00e4ftsf\u00fchrender Vorstand<\/h3>\n\n\n\n<p><img loading=\"lazy\" decoding=\"async\" width=\"100\" height=\"150\" class=\"alignleft wp-image-1180\" style=\"width: 100px;\" src=\"http:\/\/www.essener-skiklub.de\/wp-content\/uploads\/2019\/07\/whx.jpg\" alt=\"\"><em>Gesch\u00e4ftsf\u00fchrer Finanzen, Verwaltung &amp; Sport<\/em><strong><br>Werner Heinze<\/strong><br><br>Telefon privat:  +49 (0)201 423213<br>E-Mail: <a href=\"mailto:werner.heinze@essener-skiklub.de\">werner.heinze@essener-skiklub.de<\/a> <br><br><\/p>\n\n\n\n<p><img loading=\"lazy\" decoding=\"async\" width=\"100\" height=\"150\" class=\"alignleft wp-image-1184\" style=\"width: 100px;\" src=\"http:\/\/www.essener-skiklub.de\/wp-content\/uploads\/2019\/07\/snx-e1587318738679.jpg\" alt=\"\"><em>Gesch\u00e4ftsf\u00fchrer Organisation &amp; Entwicklung<\/em><strong><br>Stefan Nieh\u00fcser<\/strong><br><br>Mobiltelefon:  +49 (0)177 8184037<br>E-Mail: <a href=\"mailto:stefan.niehueser@essener-skiklub.de\">stefan.niehueser@essener-skiklub.de <\/a><br><br><\/p>\n\n\n\n<h3 class=\"wp-block-heading\">Erweiterter Vorstand<\/h3>\n\n\n\n<p><em><img loading=\"lazy\" decoding=\"async\" width=\"100\" height=\"150\" class=\"alignleft wp-image-1183\" style=\"width: 100px;\" src=\"http:\/\/www.essener-skiklub.de\/wp-content\/uploads\/2019\/07\/lvx.jpg\" alt=\"\">Kommunikation &amp; Mitgliederverwaltung<\/em><br><strong>Leonie Venten<\/strong><br><br>Mobiltelefon: +49 (0)163 8755715<br>E-Mail: <a href=\"mailto:leonie.venten@essener-skiklub.de\">leonie.venten@essener-skiklub.de<\/a><br><br><\/p>\n\n\n\n<p><img loading=\"lazy\" decoding=\"async\" width=\"100\" height=\"150\" class=\"alignleft wp-image-1182\" style=\"width: 100px;\" src=\"http:\/\/www.essener-skiklub.de\/wp-content\/uploads\/2019\/07\/jjx.jpg\" alt=\"\"><em>Alpinsport &amp; DSV-Skischule<\/em><br><strong>Jana\u00a0Janduda<\/strong><br><br>Mobiltelefon: +49 (0)157 52695218<br>E-Mail: <a href=\"mailto:jana.janduda@essener-skiklub.de\">jana.janduda@essener-skiklub.de<\/a><br><br><\/p>\n\n\n\n<p><img loading=\"lazy\" decoding=\"async\" width=\"100\" height=\"150\" class=\"alignleft wp-image-347\" style=\"width: 100px;\" src=\"http:\/\/www.essener-skiklub.de\/wp-content\/uploads\/2016\/04\/logo_skifahrer.jpg\" alt=\"\"><em>Breitensport<\/em><br><strong>Christian Flores<\/strong><br><br>Mobiltelefon:\u00a0+49 (0)163 7814288<br>E-Mail: <a href=\"mailto:christian.flores@essener-skiklub.de\">christian.flores@essener-skiklub.de<\/a><br><br><\/p>\n\n\n\n<p><img decoding=\"async\" class=\"alignleft wp-image-347\" style=\"width: 100px;\" src=\"http:\/\/www.essener-skiklub.de\/wp-content\/uploads\/2020\/11\/lda.jpg\" alt=\"\"><em>Wettkampforganisation Alpin<\/em><br><strong>Lo\u00efc d&#8217;Anterroches<\/strong><br><br>Mobiltelefon: +49 (0)163 7183044 <br>E-Mail: <a href=\"mailto:loic.danterroches@essener-skiklub.de\">loic.danterroches@essener-skiklub.de <\/a><br><br><\/p>\n\n\n\n<p><img loading=\"lazy\" decoding=\"async\" width=\"100\" height=\"150\" class=\"alignleft wp-image-347\" style=\"width: 100px;\" src=\"http:\/\/www.essener-skiklub.de\/wp-content\/uploads\/2016\/04\/logo_skifahrer.jpg\" alt=\"\"><br><strong>Winfried Keul<\/strong><br><br>Mobiltelefon: +49 (0)1575 4822174<br>E-Mail: <br><br><\/p>\n\n\n\n<p><img decoding=\"async\" class=\"alignleft wp-image-347\" style=\"width: 100px;\" src=\"http:\/\/www.essener-skiklub.de\/wp-content\/uploads\/2020\/06\/jgx.jpg\" alt=\"\"><em><em>Vertreter der Jugend<\/em><\/em><br><strong>Julian Goworek<\/strong><br><br>E-Mail: <a href=\"mailto:julian.goworek@essener-skiklub.de\">julian.goworek@essener-skiklub.de<\/a><a href=\"mailto:loic.danterroches@essener-skiklub.de\"> <\/a><br><br><br><\/p>\n\n\n\n<h3 class=\"wp-block-heading\">DSV-Skischule Essener Skiklub<\/h3>\n\n\n\n<p><img loading=\"lazy\" decoding=\"async\" width=\"100\" height=\"150\" class=\"alignleft wp-image-1182\" style=\"width: 100px;\" src=\"http:\/\/www.essener-skiklub.de\/wp-content\/uploads\/2019\/07\/jjx.jpg\" alt=\"\"><em>Skischulleitung<\/em><br><strong>Jana\u00a0Janduda<\/strong><br><br>Mobiltelefon: +49 (0)157 52695218<br>E-Mail: <a href=\"mailto:jana.janduda@essener-skiklub.de\">jana.janduda@essener-skiklub.de<\/a><br><br><\/p>\n\n\n\n<p><img loading=\"lazy\" decoding=\"async\" width=\"100\" height=\"150\" class=\"alignleft wp-image-1185\" style=\"width: 100px;\" src=\"http:\/\/www.essener-skiklub.de\/wp-content\/uploads\/2019\/07\/uvx.jpg\" alt=\"\"><em>Stellv. Skischulleitung, Cheftrainer Alpin<\/em><br><strong>Ulrich Venten<\/strong><br><br>Telefon privat: +49 (0)208 673612<br>Mobiltelefon:\u00a0+49 (0)162 3627446 <br>E-Mail: <a href=\"mailto:jana.janduda@essener-skiklub.de\">ulrich.venten@essener-skiklub.de<\/a><br><\/p>\n\n\n\n<h3 class=\"wp-block-heading\">Sommersport<\/h3>\n\n\n\n<p><img loading=\"lazy\" decoding=\"async\" width=\"100\" height=\"150\" class=\"alignleft wp-image-347\" style=\"width: 100px;\" src=\"http:\/\/www.essener-skiklub.de\/wp-content\/uploads\/2016\/04\/logo_skifahrer.jpg\" alt=\"\"><em>diverse Kurse f\u00fcr Erwachsene, Jugendliche und Kinder<\/em><br><strong>Norbert Brauksiepe<\/strong><br><br>Telefon privat: +49 (0)201 871 52 85<br>Mobiltelefon: +49 (0)172 253 85 68 <br>E-Mail: <a href=\"mailto:norbert.brauksiepe@essener-skiklub.de\">norbert.brauksiepe@essener-skiklub.de <\/a><br><\/p>\n\n\n\n<p><img loading=\"lazy\" decoding=\"async\" width=\"100\" height=\"150\" class=\"alignleft wp-image-347\" style=\"width: 100px;\" src=\"http:\/\/www.essener-skiklub.de\/wp-content\/uploads\/2016\/04\/logo_skifahrer.jpg\" alt=\"\"><em>Wandern<\/em><br><strong>Manfred Kolmich<\/strong><br><br>Mobiltelefon: +49 (0)201 313623<br>E-Mail: <a href=\"verein@essener-skiklub.de\">verein@essener-skiklub.de<\/a><br><\/p>\n","protected":false},"excerpt":{"rendered":"<p>Gesch\u00e4ftsf\u00fchrender Vorstand Gesch\u00e4ftsf\u00fchrer Finanzen, Verwaltung &amp; SportWerner Heinze Telefon privat: +49 (0)201 423213E-Mail: werner.heinze@essener-skiklub.de Gesch\u00e4ftsf\u00fchrer Organisation &amp; EntwicklungStefan Nieh\u00fcser Mobiltelefon: +49 (0)177 8184037E-Mail: stefan.niehueser@essener-skiklub.de Erweiterter Vorstand Kommunikation &amp; MitgliederverwaltungLeonie Venten &hellip; <a href=\"https:\/\/www.essener-skiklub.de\/?page_id=1387\" class=\"more-link\"><span class=\"screen-reader-text\">Ansprechpartner<\/span> weiterlesen <span class=\"meta-nav\">&rarr;<\/span><\/a><\/p>\n","protected":false},"author":4,"featured_media":0,"parent":0,"menu_order":0,"comment_status":"closed","ping_status":"closed","template":"","meta":{"footnotes":""},"class_list":["post-1387","page","type-page","status-publish","hentry"],"_links":{"self":[{"href":"https:\/\/www.essener-skiklub.de\/index.php?rest_route=\/wp\/v2\/pages\/1387","targetHints":{"allow":["GET"]}}],"collection":[{"href":"https:\/\/www.essener-skiklub.de\/index.php?rest_route=\/wp\/v2\/pages"}],"about":[{"href":"https:\/\/www.essener-skiklub.de\/index.php?rest_route=\/wp\/v2\/types\/page"}],"author":[{"embeddable":true,"href":"https:\/\/www.essener-skiklub.de\/index.php?rest_route=\/wp\/v2\/users\/4"}],"replies":[{"embeddable":true,"href":"https:\/\/www.essener-skiklub.de\/index.php?rest_route=%2Fwp%2Fv2%2Fcomments&post=1387"}],"version-history":[{"count":34,"href":"https:\/\/www.essener-skiklub.de\/index.php?rest_route=\/wp\/v2\/pages\/1387\/revisions"}],"predecessor-version":[{"id":2043,"href":"https:\/\/www.essener-skiklub.de\/index.php?rest_route=\/wp\/v2\/pages\/1387\/revisions\/2043"}],"wp:attachment":[{"href":"https:\/\/www.essener-skiklub.de\/index.php?rest_route=%2Fwp%2Fv2%2Fmedia&parent=1387"}],"curies":[{"name":"wp","href":"https:\/\/api.w.org\/{rel}","templated":true}]}}