{"id":1406,"date":"2020-04-19T18:55:56","date_gmt":"2020-04-19T18:55:56","guid":{"rendered":"http:\/\/www.essener-skiklub.de\/?page_id=1406"},"modified":"2024-11-03T13:19:20","modified_gmt":"2024-11-03T11:19:20","slug":"downloads","status":"publish","type":"page","link":"https:\/\/www.essener-skiklub.de\/?page_id=1406","title":{"rendered":"Downloads"},"content":{"rendered":"\n<h3 class=\"wp-block-heading\">Formulare<\/h3>\n\n\n\n<p><a rel=\"noreferrer noopener\" href=\"http:\/\/www.essener-skiklub.de\/wp-content\/uploads\/2020\/03\/MV_eintrittserkl\u00e4rung_esk.pdf\" class=\"mtli_attachment mtli_pdf\" target=\"_blank\">Eintrittserkl\u00e4rung<\/a><br><a rel=\"noreferrer noopener\" aria-label=\"Kursanmeldung (\u00f6ffnet in neuem Tab)\" href=\"http:\/\/www.essener-skiklub.de\/wp-content\/uploads\/2019\/08\/2019_kursbeitragg_essener-sk.pdf\" class=\"mtli_attachment mtli_pdf\" target=\"_blank\">Kursanmeldung<\/a><\/p>\n\n\n\n<h3 class=\"wp-block-heading\">Satzung &amp; Ordnungen<\/h3>\n\n\n\n<p><a href=\"http:\/\/www.essener-skiklub.de\/wp-content\/uploads\/2024\/04\/Satzung-2023.pdf\" class=\"mtli_attachment mtli_pdf\" target=\"_blank\" rel=\"noreferrer noopener\">Satzung<\/a><br><a href=\"http:\/\/www.essener-skiklub.de\/wp-content\/uploads\/2024\/04\/Beitragsordnung-2023-03-20.pdf\" class=\"mtli_attachment mtli_pdf\" target=\"_blank\" rel=\"noreferrer noopener\">Beitragsordnung<\/a><br><a rel=\"noreferrer noopener\" aria-label=\"Datenschutzordnung (\u00f6ffnet in neuem Tab)\" href=\"http:\/\/www.essener-skiklub.de\/wp-content\/uploads\/2019\/02\/Datenschutzordnung-des-ESK_2019-02-08.pdf\" class=\"mtli_attachment mtli_pdf\" target=\"_blank\">Datenschutzordnung<\/a><br><a rel=\"noreferrer noopener\" href=\"http:\/\/www.essener-skiklub.de\/wp-content\/uploads\/2024\/04\/Geschaeftsordnung-2023-07-06.pdf\" class=\"mtli_attachment mtli_pdf\" target=\"_blank\">Gesch\u00e4ftsordnung<\/a><br><a rel=\"noreferrer noopener\" href=\"http:\/\/www.essener-skiklub.de\/wp-content\/uploads\/2024\/04\/Ehrungsordnung-2022.pdf\" class=\"mtli_attachment mtli_pdf\" target=\"_blank\">Ehrungsordnung<\/a><\/p>\n\n\n\n<h3 class=\"wp-block-heading\">Spenden<\/h3>\n\n\n\n<p> <a rel=\"noreferrer noopener\" href=\"http:\/\/www.essener-skiklub.de\/wp-content\/uploads\/2024\/11\/Freistellung-KSt-ESK_08.10.24-1.pdf\" class=\"mtli_attachment mtli_pdf\" target=\"_blank\">Freistellungsbescheid K\u00f6rperschaftssteuer<\/a> <br><br><em>Die Gemeinn\u00fctzigkeit des Essener Skiklubs wurde zuletzt mit Bescheid des Finanzamtes vom 08.10.2024 best\u00e4tigt. Der Verein ist demnach von der K\u00f6rperschaftsteuer befreit, da er ausschlie\u00dflich steuerbeg\u00fcnstigten Zwecken im Sinne der \u00a7\u00a7 51 ff. AO dient. Der Essener Skiklub ist daher berechtigt, f\u00fcr Spenden mit dem gemeinn\u00fctzigen  Zweck \u201eF\u00f6rderung des Sports\u201c Zuwendungsbest\u00e4tigungen nach amtlich vorgeschriebenem Vordruck auszustellen. <\/em><\/p>\n","protected":false},"excerpt":{"rendered":"<p>Formulare Eintrittserkl\u00e4rungKursanmeldung Satzung &amp; Ordnungen SatzungBeitragsordnungDatenschutzordnungGesch\u00e4ftsordnungEhrungsordnung Spenden Freistellungsbescheid K\u00f6rperschaftssteuer Die Gemeinn\u00fctzigkeit des Essener Skiklubs wurde zuletzt mit Bescheid des Finanzamtes vom 08.10.2024 best\u00e4tigt. Der Verein ist demnach von der K\u00f6rperschaftsteuer &hellip; <a href=\"https:\/\/www.essener-skiklub.de\/?page_id=1406\" class=\"more-link\"><span class=\"screen-reader-text\">Downloads<\/span> weiterlesen <span class=\"meta-nav\">&rarr;<\/span><\/a><\/p>\n","protected":false},"author":4,"featured_media":0,"parent":0,"menu_order":0,"comment_status":"closed","ping_status":"closed","template":"","meta":{"footnotes":""},"class_list":["post-1406","page","type-page","status-publish","hentry"],"_links":{"self":[{"href":"https:\/\/www.essener-skiklub.de\/index.php?rest_route=\/wp\/v2\/pages\/1406","targetHints":{"allow":["GET"]}}],"collection":[{"href":"https:\/\/www.essener-skiklub.de\/index.php?rest_route=\/wp\/v2\/pages"}],"about":[{"href":"https:\/\/www.essener-skiklub.de\/index.php?rest_route=\/wp\/v2\/types\/page"}],"author":[{"embeddable":true,"href":"https:\/\/www.essener-skiklub.de\/index.php?rest_route=\/wp\/v2\/users\/4"}],"replies":[{"embeddable":true,"href":"https:\/\/www.essener-skiklub.de\/index.php?rest_route=%2Fwp%2Fv2%2Fcomments&post=1406"}],"version-history":[{"count":28,"href":"https:\/\/www.essener-skiklub.de\/index.php?rest_route=\/wp\/v2\/pages\/1406\/revisions"}],"predecessor-version":[{"id":2002,"href":"https:\/\/www.essener-skiklub.de\/index.php?rest_route=\/wp\/v2\/pages\/1406\/revisions\/2002"}],"wp:attachment":[{"href":"https:\/\/www.essener-skiklub.de\/index.php?rest_route=%2Fwp%2Fv2%2Fmedia&parent=1406"}],"curies":[{"name":"wp","href":"https:\/\/api.w.org\/{rel}","templated":true}]}}