{"id":1436,"date":"2020-04-20T12:39:32","date_gmt":"2020-04-20T12:39:32","guid":{"rendered":"http:\/\/www.essener-skiklub.de\/?page_id=1436"},"modified":"2025-01-29T18:19:37","modified_gmt":"2025-01-29T16:19:37","slug":"gourmetwanderung-2020","status":"publish","type":"page","link":"https:\/\/www.essener-skiklub.de\/?page_id=1436","title":{"rendered":"Gourmetwanderung"},"content":{"rendered":"\n<h3 class=\"wp-block-heading\">Termin<\/h3>\n\n\n\n<p>Sonntag, 21. &#8211; Samstag, 27. August 2022<\/p>\n\n\n\n<h3 class=\"wp-block-heading\">Ort<\/h3>\n\n\n\n<p>Zwischen Vinschgau und Wei\u00dfkogel<\/p>\n\n\n\n<p><em>Gleich oberhalb vom Reschenpass zeigen sich die \u00d6tztaler Alpen von ihrer einsamen Seite. Dabei begeistern zwischen Langtaufers, Planeil- und Matscher Tal fantastische Ausblicke und eine neu markierte, wenn auch recht sportliche Etappe am Fu\u00df der Wei\u00dfkugel, bei der die Gletscher zum Greifen nah sind.<\/em><\/p>\n\n\n\n<h3 class=\"wp-block-heading\">Beschreibung <\/h3>\n\n\n\n<p><strong>Abwechslungsreiche Mehrtagestour<\/strong>, wobei die ersten beiden Etappen von Graun ins Matscher Tal leicht sind. Beim Abstieg von den Saldurseen zur Oberettesh\u00fctte sowie auf der Fortsetzung ins Langtauferer Tal sind&nbsp;<strong>Trittsicherheit und Schwindelfreiheit<\/strong>&nbsp;erforderlich. Der Abschnitt Oberettes \u2013 Planeilscharte ist zwar neu markiert, doch&nbsp;<strong>das Gel\u00e4nde ist anspruchsvoll<\/strong>. &nbsp;<\/p>\n\n\n\n<p><\/p>\n\n\n\n<p>SO. Etappe 1:<\/p>\n\n\n\n<ul class=\"wp-block-list\"><li>Von&nbsp;<strong>Graun im Vinschgau<\/strong>&nbsp;zur&nbsp;<strong>Grauner Alm<\/strong>&nbsp;(2165 m, zu Fu\u00df von Graun 2\u20132.30 Std.)<\/li><li>&nbsp;<\/li><\/ul>\n\n\n\n<p>Mo. Etappe 2:<\/p>\n\n\n\n<ul class=\"wp-block-list\"><li>anfangs auf Steig unter die Wiesenh\u00e4nge des Gro\u00dfhorns<\/li><li>Steigspuren und verblasste Markierungen f\u00fchren entlang des Nordr\u00fcckens auf das&nbsp;<strong>Gro\u00dfhorn<\/strong>&nbsp;(2630 m)<\/li><li>Abstieg Richtung Ost, n\u00f6rdlich unter der&nbsp;<strong>Plawennscharte<\/strong>&nbsp;vorbei, und Richtung Nordost, bis man einen Steig erreicht<\/li><li>auf dem Steig weiter auf den vom&nbsp;<strong>Zwischeneck<\/strong>&nbsp;zum&nbsp;<strong>Mittereck<\/strong>&nbsp;ziehenden Kamm<\/li><li>Trittspuren f\u00fchren hinauf zum&nbsp;<strong>Mittereck<\/strong>&nbsp;(<strong>Mittereggspitze<\/strong>, 2909 m)<\/li><li>Abstieg entlang des S\u00fcdkammes zum&nbsp;<strong>Steinmandkopf<\/strong>&nbsp;(2814 m)<\/li><li>weiter in einen Sattel, wo man auf einen Fahrweg trifft und auf diesem absteigt zur&nbsp;<strong>Planeiler Alm<\/strong>&nbsp;(2203 m)<\/li><li>auf dem Wanderweg weiter nach&nbsp;<strong>Planeil<\/strong>&nbsp;(1599 m)<\/li><li>Aufstieg 945 Hm, Abstieg 1515 Hm, 5\u20136 Std.<\/li><\/ul>\n\n\n\n<p>Di. Etappe 3:<\/p>\n\n\n\n<ul class=\"wp-block-list\"><li>Von&nbsp;<strong>Planeil<\/strong>&nbsp;kurz taleinw\u00e4rts, dann rechts ohne Orientierungsprobleme mit den Wegweisern auf die&nbsp;<strong>Spitzige Lun<\/strong>&nbsp;(2324 m)<\/li><li>aussichtsreiche Querung zum&nbsp;<em>Gro\u00dfboden<\/em>&nbsp;und Abstieg \u00fcber sch\u00f6ne Wiesen, sp\u00e4ter auf Forstweg nach&nbsp;<strong>Matsch<\/strong>&nbsp;(1580 m)<\/li><li>auf dem nur sanft ansteigenden Ackerwaal durch Wiesen auf einem sch\u00f6nen Steig taleinw\u00e4rts zur&nbsp;<strong>Inneren Matscher Alm<\/strong><\/li><\/ul>\n\n\n\n<ul class=\"wp-block-list\"><li>Aufstieg 980 Hm, Abstieg 745 Hm, 5.30\u20136 Std.<\/li><\/ul>\n\n\n\n<p>Mi. Etappe 3:<\/p>\n\n\n\n<ul class=\"wp-block-list\"><li>Von der Matscher Alm&nbsp;aus&nbsp;<\/li><li>teilweise steil und anstrengend auf den&nbsp;<strong>Saldurboden<\/strong><\/li><li>etwas entspannter weiter auf einen R\u00fccken, von dem aus die&nbsp;<strong>Saldurseen<\/strong>&nbsp;zu sehen sind<\/li><li>kurzer Abstieg zum untersten See und an weiteren Seen vorbei in eine Scharte (3020 m)<\/li><li>Abstieg auf gutem, wenn auch exponierten, Steig, ehe man eine alte Mor\u00e4ne quert und schlie\u00dflich die&nbsp;<strong>Oberettesh\u00fctte<\/strong>&nbsp;(2670 m,&nbsp;<a href=\"http:\/\/www.oberettes.it\/\">oberettes.it<\/a>) erreicht.&nbsp;<\/li><li>Aufstieg 1265 Hm, Abstieg 410 Hm, 4.30\u20135 Std.<\/li><\/ul>\n\n\n\n<p>Do. Etappe 4:<\/p>\n\n\n\n<ul class=\"wp-block-list\"><li>Von der&nbsp;<strong>Oberettesh\u00fctte<\/strong>&nbsp;teils steiler Aufstieg auf dem Normalweg zur&nbsp;<strong>Wei\u00dfkugel<\/strong><\/li><li>vorbei am kleinen&nbsp;<strong>Speiksee<\/strong>&nbsp;und Abstieg \u00fcber Mor\u00e4nen zu einem auffallend gro\u00dfen Felsen mit Markierung (hier zweigt der neu markierte Steig zum&nbsp;<strong>Matscher Jochsee<\/strong>&nbsp;ab)<\/li><li>Abstieg durch das ehemals vergletscherte Gel\u00e4nde und auf einem Baumstamm \u00fcber den Abfluss des&nbsp;<strong>Matscher Ferners<\/strong><\/li><li>im Auf und Ab Querung der H\u00e4nge, zuletzt steil hinauf ins&nbsp;<strong>Matscher Joch&nbsp;<\/strong>(3185 m)<\/li><li>kurzer Abstieg am Rand des&nbsp;<strong>Planailferner<\/strong>&nbsp;<\/li><li>durch etwas m\u00fchsames Blockgel\u00e4nde (Vorsicht: viele Bl\u00f6cke sind locker) im Auf und Ab zu einer von weitem sichtbaren Markierungsstange auf einem Felskamm<\/li><li>kurzer Abstieg und Gegenanstieg in die&nbsp;<strong>Planeilscharte<\/strong>&nbsp;(3090 m)<\/li><li>steil \u00fcber Schutt und Ger\u00f6ll in einen Wiesenboden, ab hier auf gutem Steig zu einer Wegkreuzung und auf einem breiten Wanderweg nach&nbsp;<strong>Maseben<\/strong>&nbsp;(2267 m,&nbsp;<a href=\"http:\/\/maseben.it\/\">maseben.it<\/a>).<ul><li>Aufstieg 1040 Hm, Abstieg 1455 Hm, 7.30\u20138.30 Std.<\/li><\/ul><\/li><\/ul>\n\n\n\n<p>Fr. Etappe 5:<\/p>\n\n\n\n<ul class=\"wp-block-list\"><li>Von&nbsp;<strong>Maseben<\/strong>&nbsp;steter Anstieg zum&nbsp;<strong>Wetterkreuz<\/strong>&nbsp;(2438 m)<\/li><li>Abstieg zur&nbsp;<strong>Kaproner Alm<\/strong>&nbsp;(1965 m)<\/li><li>durch Wald Abstieg ins&nbsp;<strong>Langtauferer Tal<\/strong><\/li><li>Gegenanstieg nach&nbsp;<strong>Malsau<\/strong>&nbsp;und entlang der Sonnenh\u00e4nge nach&nbsp;<strong>Graun<\/strong>.<\/li><li>Aufstieg 340 Hm, Abstieg 1110 Hm, 3.30\u20134 Std.<\/li><\/ul>\n\n\n\n<p>Erster und zweiter Tag mit \u00dcN auf Alm und Gasthof (\u00dcN ca. \u20ac 60,-) sind fix geplant, danach erwarten wir weiterhin bestes Wetter.<\/p>\n\n\n\n<h3 class=\"wp-block-heading\">Teilnehmer<\/h3>\n\n\n\n<p>Die Teilnehmerzahl ist aufgrund der \u00dcbernachtungsm\u00f6glichkeiten begrenzt.<\/p>\n\n\n\n<h3 class=\"wp-block-heading\">Fahrtenleitung<\/h3>\n\n\n\n<p>Norbert Brauksiepe<\/p>\n\n\n\n<h3 class=\"wp-block-heading\">Informationen &amp; Anmeldung<\/h3>\n\n\n\n<p>Die Anmeldung ist ab sofort per E-Mail an norbert.brauksiepe@essener-skiklub.de m\u00f6glich. Norbert Brauksiepe steht auch f\u00fcr R\u00fcckfragen sowie weitergehende Informationen zur Verf\u00fcgung.<\/p>\n","protected":false},"excerpt":{"rendered":"<p>Termin Sonntag, 21. &#8211; Samstag, 27. August 2022 Ort Zwischen Vinschgau und Wei\u00dfkogel Gleich oberhalb vom Reschenpass zeigen sich die \u00d6tztaler Alpen von ihrer einsamen Seite. Dabei begeistern zwischen Langtaufers, &hellip; <a href=\"https:\/\/www.essener-skiklub.de\/?page_id=1436\" class=\"more-link\"><span class=\"screen-reader-text\">Gourmetwanderung<\/span> weiterlesen <span class=\"meta-nav\">&rarr;<\/span><\/a><\/p>\n","protected":false},"author":4,"featured_media":0,"parent":0,"menu_order":0,"comment_status":"closed","ping_status":"closed","template":"","meta":{"footnotes":""},"class_list":["post-1436","page","type-page","status-publish","hentry"],"_links":{"self":[{"href":"https:\/\/www.essener-skiklub.de\/index.php?rest_route=\/wp\/v2\/pages\/1436","targetHints":{"allow":["GET"]}}],"collection":[{"href":"https:\/\/www.essener-skiklub.de\/index.php?rest_route=\/wp\/v2\/pages"}],"about":[{"href":"https:\/\/www.essener-skiklub.de\/index.php?rest_route=\/wp\/v2\/types\/page"}],"author":[{"embeddable":true,"href":"https:\/\/www.essener-skiklub.de\/index.php?rest_route=\/wp\/v2\/users\/4"}],"replies":[{"embeddable":true,"href":"https:\/\/www.essener-skiklub.de\/index.php?rest_route=%2Fwp%2Fv2%2Fcomments&post=1436"}],"version-history":[{"count":5,"href":"https:\/\/www.essener-skiklub.de\/index.php?rest_route=\/wp\/v2\/pages\/1436\/revisions"}],"predecessor-version":[{"id":2020,"href":"https:\/\/www.essener-skiklub.de\/index.php?rest_route=\/wp\/v2\/pages\/1436\/revisions\/2020"}],"wp:attachment":[{"href":"https:\/\/www.essener-skiklub.de\/index.php?rest_route=%2Fwp%2Fv2%2Fmedia&parent=1436"}],"curies":[{"name":"wp","href":"https:\/\/api.w.org\/{rel}","templated":true}]}}