{"id":1651,"date":"2020-07-05T12:17:52","date_gmt":"2020-07-05T10:17:52","guid":{"rendered":"http:\/\/www.essener-skiklub.de\/?page_id=1651"},"modified":"2021-07-19T12:27:15","modified_gmt":"2021-07-19T10:27:15","slug":"skiroulette-2021","status":"publish","type":"page","link":"https:\/\/www.essener-skiklub.de\/?page_id=1651","title":{"rendered":"Skiroulette 2021"},"content":{"rendered":"\n<h3 class=\"wp-block-heading\">Termin<\/h3>\n\n\n\n<p>Sonntag, 24. Januar &#8211; Sonntag, 31. Januar 2021<\/p>\n\n\n\n<h3 class=\"wp-block-heading\">Ort<\/h3>\n\n\n\n<p>bis zur Ankuft vor Ort geheim &#8211; beste Schneelage ist obligatorisch!<\/p>\n\n\n\n<h3 class=\"wp-block-heading\">Unterkunft<\/h3>\n\n\n\n<p>gem\u00fctlich, komfortabel, ruhig<\/p>\n\n\n\n<h3 class=\"wp-block-heading\">Skigebiet<\/h3>\n\n\n\n<p>zu erahnen nach Ankunft im Ort<\/p>\n\n\n\n<h3 class=\"wp-block-heading\">Teilnehmer:innen<\/h3>\n\n\n\n<p>max. 7 Personen (Erwachsene)<\/p>\n\n\n\n<h3 class=\"wp-block-heading\">Fahrtenleitung<\/h3>\n\n\n\n<p>Norbert Brauksiepe<\/p>\n\n\n\n<h3 class=\"wp-block-heading\">Leistungen<\/h3>\n\n\n\n<p>Hin- &amp; R\u00fcckfahrt und Transfer vor Ort im Kleinbus (gegen Kostenbeteiligung)<br>7 Tage \u00dcbernachtung\/Fr\u00fchst\u00fcck<br>skifahrerische Betreuung<br>Insolvenz-Versicherung<br><em>Der Skipass ist nicht im Preis enthalten!<\/em><\/p>\n\n\n\n<h3 class=\"wp-block-heading\">Kosten<\/h3>\n\n\n\n<p>im Doppelzimmer: ca. 280,00 \u20ac<br>Einzelzimmeraufschlag (soweit verf\u00fcgbar): + 60,00 \u20ac<br>G\u00e4ste-Aufschlag: + 70,00 \u20ac<br><br>Achtung: Die Preise k\u00f6nnen sich je nach final gebuchter Unterkunft\/Zielort geringf\u00fcgig \u00e4ndern. Wir entscheiden t\u00e4glich unter Beachtung der Schneelage, in welches Skigebiet es geht.<br>Nach Anmeldung sind \u20ac 100 Anzahlung erforderlich.<\/p>\n\n\n\n<h3 class=\"wp-block-heading\">Informationen &amp; Anmeldung<\/h3>\n\n\n\n<p>Die Anmeldung ist ab sofort per E-Mail an Norbert Brauksiepe m\u00f6glich. Norbert steht auch f\u00fcr R\u00fcckfragen sowie weitergehende Informationen zur Verf\u00fcgung.<br><br>E-Mail: <a href=\"mailto:norbert.brauksiepe@essener-skiklub.de\">norbert.brauksiepe@essener-skiklub.de<\/a>  <br>Telefon: +49 (0)201 8715285<br>Mobiltelefon: +49 (0)172 2538568<\/p>\n","protected":false},"excerpt":{"rendered":"<p>Termin Sonntag, 24. Januar &#8211; Sonntag, 31. Januar 2021 Ort bis zur Ankuft vor Ort geheim &#8211; beste Schneelage ist obligatorisch! Unterkunft gem\u00fctlich, komfortabel, ruhig Skigebiet zu erahnen nach Ankunft &hellip; <a href=\"https:\/\/www.essener-skiklub.de\/?page_id=1651\" class=\"more-link\"><span class=\"screen-reader-text\">Skiroulette 2021<\/span> weiterlesen <span class=\"meta-nav\">&rarr;<\/span><\/a><\/p>\n","protected":false},"author":2,"featured_media":0,"parent":0,"menu_order":0,"comment_status":"closed","ping_status":"closed","template":"","meta":{"footnotes":""},"class_list":["post-1651","page","type-page","status-publish","hentry"],"_links":{"self":[{"href":"https:\/\/www.essener-skiklub.de\/index.php?rest_route=\/wp\/v2\/pages\/1651","targetHints":{"allow":["GET"]}}],"collection":[{"href":"https:\/\/www.essener-skiklub.de\/index.php?rest_route=\/wp\/v2\/pages"}],"about":[{"href":"https:\/\/www.essener-skiklub.de\/index.php?rest_route=\/wp\/v2\/types\/page"}],"author":[{"embeddable":true,"href":"https:\/\/www.essener-skiklub.de\/index.php?rest_route=\/wp\/v2\/users\/2"}],"replies":[{"embeddable":true,"href":"https:\/\/www.essener-skiklub.de\/index.php?rest_route=%2Fwp%2Fv2%2Fcomments&post=1651"}],"version-history":[{"count":2,"href":"https:\/\/www.essener-skiklub.de\/index.php?rest_route=\/wp\/v2\/pages\/1651\/revisions"}],"predecessor-version":[{"id":1837,"href":"https:\/\/www.essener-skiklub.de\/index.php?rest_route=\/wp\/v2\/pages\/1651\/revisions\/1837"}],"wp:attachment":[{"href":"https:\/\/www.essener-skiklub.de\/index.php?rest_route=%2Fwp%2Fv2%2Fmedia&parent=1651"}],"curies":[{"name":"wp","href":"https:\/\/api.w.org\/{rel}","templated":true}]}}