{"id":21,"date":"2016-04-29T13:11:04","date_gmt":"2016-04-29T13:11:04","guid":{"rendered":"http:\/\/wordpress.essener-skiklub.de\/?page_id=21"},"modified":"2021-03-21T20:59:06","modified_gmt":"2021-03-21T18:59:06","slug":"mitgliedschaft","status":"publish","type":"page","link":"https:\/\/www.essener-skiklub.de\/?page_id=21","title":{"rendered":"Mitglied werden"},"content":{"rendered":"<h3>Mitgliedervorteile im \u00dcberblick<\/h3>\n<p>Als Mitglied im Essener Skiklub genie\u00dft du eine Reihe von Vorteilen im Zusammenhang mit deiner Mitgliedschaft, zum Beispiel:<\/p>\n<ul>\n<li>Berechtigung zur Teilnahme an unseren vielf\u00e4ltigen Sportangeboten im breiten- und wettkampfsportlichen Bereich berechtigt.<\/li>\n<li>M\u00f6glichkeit zur Teilnahme an unseren Sportreisen, die im Winter wie im Sommer zumeist in die Alpen f\u00fchren (gegen Reisekosten).<\/li>\n<li>Berechtigung zur Teilnahme an all unseren gesellschaftlichen Vereinsveranstaltungen.<\/li>\n<li>M\u00f6glichkeit zur Miete unseres Vereins-Kleinbusses (aktuell &#8211; seit der Corona-Pandemie &#8211; gibt es leider keinen Kleinbus).<\/li>\n<li>Automatischer Bezug der Fachzeitschrift &#8222;SkiMagazin&#8220; und der Zeitschrift &#8222;Wintersport im Westen&#8220; des westdeutschen skiverbandes &#8211; jeweils dreimal im Jahr.<\/li>\n<li>Kostenloser Erhalt des Mitgliedsausweises wsv-membercard (insofern der wsv die Karte zum Zeitpunkt des Eintritts bereit h\u00e4lt).<\/li>\n<li>Erhalt diverser Verg\u00fcnstigungen\/Rabatte bei unseren Kooperationspartnern und Sponsoren.<\/li>\n<\/ul>\n<p><a href=\"https:\/\/www.wsv-ski.de\/membercard\/\" target=\"_blank\" rel=\"noopener noreferrer\"><img loading=\"lazy\" decoding=\"async\" class=\"alignnone wp-image-1080\" src=\"http:\/\/www.essener-skiklub.de\/wp-content\/uploads\/2019\/03\/Ansicht_membercard_vorn.png\" alt=\"\" width=\"158\" height=\"100\" \/><\/a><\/p>\n<h3>Der Weg zur Mitgliedschaft<\/h3>\n<p>Drucke dir die hier zum Download bereitgestellte Eintrittserkl\u00e4rung aus und lasse sie uns ausgef\u00fcllt zukommen. Ein Scan der ausgef\u00fcllten Eintrittserkl\u00e4rung gen\u00fcgt uns v\u00f6llig und f\u00fchrt zur schnellsten Verarbeitung. Der postalische Weg ist nat\u00fcrlich ebenso m\u00f6glich.<\/p>\n<p><a href=\"http:\/\/www.essener-skiklub.de\/wp-content\/uploads\/2020\/03\/MV_eintrittserkl\u00e4rung_esk.pdf\" class=\"mtli_attachment mtli_pdf\" target=\"_blank\" rel=\"noopener noreferrer\">Eintrittserkl\u00e4rung<\/a><\/p>\n<h3>Unsere Kooperationspartner<\/h3>\n<p>Mitglieder erhalten Verg\u00fcnstigungen bei unseren Kooperationspartnern sowie den <strong><a href=\"https:\/\/www.wsv-ski.de\/membercard\/\" target=\"_blank\" rel=\"noopener noreferrer\">membercard-Partnern<\/a><\/strong> des westdeutschen skiverbandes.<\/p>\n<p><a href=\"https:\/\/www.alpincenter.com\/bottrop\/de\/start\" target=\"_blank\" rel=\"noopener noreferrer\"><strong>alpincenter Bottrop<\/strong><\/a> (Prosperstr. 299-301, 46238 Bottrop)<br \/>\n<a href=\"https:\/\/www.alpincenter.com\/bottrop\/de\/start\" target=\"_blank\" rel=\"noopener noreferrer\"><img loading=\"lazy\" decoding=\"async\" class=\"alignnone  wp-image-1365\" src=\"http:\/\/www.essener-skiklub.de\/wp-content\/uploads\/2020\/04\/logo_alpincenter_bottrop-300x81.png\" alt=\"\" width=\"252\" height=\"68\" srcset=\"https:\/\/www.essener-skiklub.de\/wp-content\/uploads\/2020\/04\/logo_alpincenter_bottrop-300x81.png 300w, https:\/\/www.essener-skiklub.de\/wp-content\/uploads\/2020\/04\/logo_alpincenter_bottrop.png 370w\" sizes=\"auto, (max-width: 252px) 100vw, 252px\" \/><\/a><\/p>\n<p><strong><a href=\"https:\/\/www.alpincenter.com\/bottrop\/de\/indoor\/sportshop\" target=\"_blank\" rel=\"noopener noreferrer\">INTERSPORT alpincenter in Bottrop<\/a><\/strong> (Prosperstr. 299-301, 46238 Bottrop)<br \/>\n<a href=\"https:\/\/www.alpincenter.com\/bottrop\/de\/indoor\/sportshop\" target=\"_blank\" rel=\"noopener noreferrer\"><img loading=\"lazy\" decoding=\"async\" class=\"alignnone wp-image-1081\" src=\"http:\/\/www.essener-skiklub.de\/wp-content\/uploads\/2019\/03\/intersport_alpincenter-300x183.jpg\" alt=\"\" width=\"164\" height=\"100\" srcset=\"https:\/\/www.essener-skiklub.de\/wp-content\/uploads\/2019\/03\/intersport_alpincenter-300x183.jpg 300w, https:\/\/www.essener-skiklub.de\/wp-content\/uploads\/2019\/03\/intersport_alpincenter.jpg 325w\" sizes=\"auto, (max-width: 164px) 100vw, 164px\" \/><\/a><\/p>\n<p><a href=\"https:\/\/essen.bunert.de\/\" target=\"_blank\" rel=\"noopener noreferrer\"><strong>bunert in Essen<\/strong><\/a> (R\u00fcttenscheider Str. 184, 45131 Essen-R\u00fcttenscheid)<br \/>\n<a href=\"https:\/\/essen.bunert.de\/\" target=\"_blank\" rel=\"noopener noreferrer\"><img loading=\"lazy\" decoding=\"async\" class=\"alignnone wp-image-1082\" src=\"http:\/\/www.essener-skiklub.de\/wp-content\/uploads\/2019\/03\/logo-bunert-essen.png\" alt=\"\" width=\"220\" height=\"100\" \/><\/a><\/p>\n<p><a href=\"https:\/\/www.karstadtsports.de\/\" target=\"_blank\" rel=\"noopener noreferrer\"><strong>Karstadt Sports<\/strong><\/a> \/ Warenhaus \/ Lebensmittel \/ Restaurant \/ Reisen-Filialen<br \/>\n<a href=\"https:\/\/www.karstadtsports.de\/\" target=\"_blank\" rel=\"noopener noreferrer\"><img loading=\"lazy\" decoding=\"async\" class=\"alignnone wp-image-1119\" src=\"http:\/\/www.essener-skiklub.de\/wp-content\/uploads\/2019\/04\/Logo_KS-300x103.png\" alt=\"\" width=\"204\" height=\"70\" srcset=\"https:\/\/www.essener-skiklub.de\/wp-content\/uploads\/2019\/04\/Logo_KS-300x103.png 300w, https:\/\/www.essener-skiklub.de\/wp-content\/uploads\/2019\/04\/Logo_KS.png 400w\" sizes=\"auto, (max-width: 204px) 100vw, 204px\" \/><\/a><\/p>\n<div class=\"su-spoiler su-spoiler-style-simple su-spoiler-icon-plus su-spoiler-closed\" data-scroll-offset=\"0\" data-anchor-in-url=\"no\"><div class=\"su-spoiler-title\" tabindex=\"0\" role=\"button\"><span class=\"su-spoiler-icon\"><\/span>Jahresbeitrag<\/div><div class=\"su-spoiler-content su-u-clearfix su-u-trim\">\n<p><strong>1.<\/strong> Der Jahresbeitrag vom 01.01. bis zum 31.12. (Vereinsjahr) betr\u00e4gt:<\/p>\n<table width=\"680\">\n<tbody>\n<tr>\n<td width=\"130\">E-Mitglieder:<\/td>\n<td>Erwachsene ab 27 Jahren<\/td>\n<td width=\"60\">84,00 \u20ac<\/td>\n<\/tr>\n<tr>\n<td>J-Mitglieder:<\/td>\n<td>Jugendliche im Alter von 18 bis 26 Jahren<\/td>\n<td>72,00 \u20ac<\/td>\n<\/tr>\n<tr>\n<td>K-Mitglieder:<\/td>\n<td>Kinder im Alter von 0 bis 17 Jahren<\/td>\n<td>60,00 \u20ac<\/td>\n<\/tr>\n<tr>\n<td>F2-Mitglieder:<\/td>\n<td>2 Personen einer Familie\/Lebensgemeinschaft (60,00 \u20ac pro Person)<\/td>\n<td>120,00 \u20ac<\/td>\n<\/tr>\n<tr>\n<td>F3-Mitglieder:<\/td>\n<td>3 Personen einer Familie\/Lebensgemeinschaft (52,00 \u20ac pro Person)<\/td>\n<td>156,00 \u20ac<\/td>\n<\/tr>\n<tr>\n<td>F4-Mitglieder:<\/td>\n<td>4 Personen einer Familie\/Lebensgemeinschaft (42,00 \u20ac pro Person)<\/td>\n<td>168,00 \u20ac<\/td>\n<\/tr>\n<tr>\n<td><\/td>\n<td>jede weitere Person einer Familie\/Lebensgemeinschaft<\/td>\n<td>12,00 \u20ac<\/td>\n<\/tr>\n<tr>\n<td><\/td>\n<td>Kinder und Jugendliche werden beim Familien-\/Lebensgemeinschaftsbeitrag unabh\u00e4ngig vom Wohnort bis einschl. 26 Jahre ber\u00fccksichtigt<\/td>\n<td><\/td>\n<\/tr>\n<tr>\n<td>P-Mitglieder:<\/td>\n<td>passive Jugendliche und Erwachsene ab 18 Jahren<\/td>\n<td>66,00 \u20ac<\/td>\n<\/tr>\n<\/tbody>\n<\/table>\n<p><strong>2.<\/strong> Der Jahresbeitrag enth\u00e4lt den Bezug der Verbandszeitung SkiMagazin (bei Familien nur einmal!), die wsv-membercard, eine Unfallsversicherungspr\u00e4mie bei Vereins- und Verbandsveranstaltungen, sowie Beitr\u00e4ge zum WSV\/DSV.<\/p>\n<p><strong>3.<\/strong>Der Eintritt in den Verein kann jederzeit erfolgen. Der Beitrag f\u00fcr das laufende Gesch\u00e4ftsjahr wird zu x\/12 ab dem Eintrittsadtum berechnet und mittels Lastschrift auf folgendes Konto eingezogen: National Bank Essen, Kto.-Nr. 120 200, BLZ 360 200 30. Die Zustimmung zum SEPA-Lastschriftverfahren ist zwingendes Eintrittskriterium.<\/p>\n<p><strong>4.<\/strong> Die folgenden Jahresbeitr\u00e4ge werden jeweils zum 01.01. f\u00e4llig und ebenfalls per Lastschrift eingezogen. Geb\u00fchren f\u00fcr evtl. eingehende R\u00fccklastschriften werden dem Mitglied in Rechnung gestellt.<\/p>\n<p><strong>5.<\/strong> Bei evtl. Zahlungsr\u00fcckst\u00e4nden wird nach zweimaliger Zahlungsaufforderung automatisch ein gerichtliches Mahnverfahren eingeleitet, dessen Kosten ebenfalls vom Mitglied zu tragen sind.<\/p>\n<p><strong>6.<\/strong> Der Austritt kann nur zum Ende des Vereinsjahres (31.12.) schriftlich per Post oder E-Mail erfolgen.<\/div><\/div>\n<div class=\"su-spoiler su-spoiler-style-simple su-spoiler-icon-plus su-spoiler-closed\" data-scroll-offset=\"0\" data-anchor-in-url=\"no\"><div class=\"su-spoiler-title\" tabindex=\"0\" role=\"button\"><span class=\"su-spoiler-icon\"><\/span>K\u00fcndigung der Mitgliedschaft<\/div><div class=\"su-spoiler-content su-u-clearfix su-u-trim\">\n<p>Wir empfehlen eine K\u00fcndigung per Email an verein@essener-skiklub.de zu richten. Eingegangene bzw. bearbeitete K\u00fcndigungen werden dann per E-Mail best\u00e4tigt. Gehen uns K\u00fcndigungen per Post zu, so weisen wir darauf hin, dass wir diese postalisch <u>nicht<\/u> best\u00e4tigen! Wer bei postalischer K\u00fcndigung eine Best\u00e4tigung w\u00fcnscht, sollte im Schreiben seine E-Mail-Adresse angeben (oder &#8211; falls eine E-Mail-Adresse nicht vorhanden ist &#8211; alternativ eine Telefonnummer).<\/div><\/div>\n<div class=\"su-spoiler su-spoiler-style-simple su-spoiler-icon-plus su-spoiler-closed\" data-anchor=\"membercard\" data-scroll-offset=\"0\" data-anchor-in-url=\"no\"><div class=\"su-spoiler-title\" tabindex=\"0\" role=\"button\"><span class=\"su-spoiler-icon\"><\/span>Membercard<\/div><div class=\"su-spoiler-content su-u-clearfix su-u-trim\">\n<p>Jedes Mitglied erh\u00e4lt die <a href=\"#membercard\">wsv-membercard<\/a> (insofern der wsv die Karte zum Zeitpunkt des Eintritts bereit h\u00e4lt), die als Vereinsausweis dient. Durch Vorzeigen der Karte k\u00f6nnen unsere Mitglieder in den Genuss von Verg\u00fcnstigungen unserer Kooperations-Partner kommen. Dar\u00fcber hinaus gibt es eine Vielzahl von Verg\u00fcnstigungen bei den <a href=\"https:\/\/www.wsv-ski.de\/membercard\/\" target=\"_blank\" rel=\"noopener noreferrer\">Partnern des westdeutschen skiverbandes<\/a>.<\/div><\/div>\n","protected":false},"excerpt":{"rendered":"<p>Mitgliedervorteile im \u00dcberblick Als Mitglied im Essener Skiklub genie\u00dft du eine Reihe von Vorteilen im Zusammenhang mit deiner Mitgliedschaft, zum Beispiel: Berechtigung zur Teilnahme an unseren vielf\u00e4ltigen Sportangeboten im breiten- &hellip; <a href=\"https:\/\/www.essener-skiklub.de\/?page_id=21\" class=\"more-link\"><span class=\"screen-reader-text\">Mitglied werden<\/span> weiterlesen <span class=\"meta-nav\">&rarr;<\/span><\/a><\/p>\n","protected":false},"author":1,"featured_media":0,"parent":0,"menu_order":0,"comment_status":"closed","ping_status":"closed","template":"","meta":{"footnotes":""},"class_list":["post-21","page","type-page","status-publish","hentry"],"_links":{"self":[{"href":"https:\/\/www.essener-skiklub.de\/index.php?rest_route=\/wp\/v2\/pages\/21","targetHints":{"allow":["GET"]}}],"collection":[{"href":"https:\/\/www.essener-skiklub.de\/index.php?rest_route=\/wp\/v2\/pages"}],"about":[{"href":"https:\/\/www.essener-skiklub.de\/index.php?rest_route=\/wp\/v2\/types\/page"}],"author":[{"embeddable":true,"href":"https:\/\/www.essener-skiklub.de\/index.php?rest_route=\/wp\/v2\/users\/1"}],"replies":[{"embeddable":true,"href":"https:\/\/www.essener-skiklub.de\/index.php?rest_route=%2Fwp%2Fv2%2Fcomments&post=21"}],"version-history":[{"count":35,"href":"https:\/\/www.essener-skiklub.de\/index.php?rest_route=\/wp\/v2\/pages\/21\/revisions"}],"predecessor-version":[{"id":1779,"href":"https:\/\/www.essener-skiklub.de\/index.php?rest_route=\/wp\/v2\/pages\/21\/revisions\/1779"}],"wp:attachment":[{"href":"https:\/\/www.essener-skiklub.de\/index.php?rest_route=%2Fwp%2Fv2%2Fmedia&parent=21"}],"curies":[{"name":"wp","href":"https:\/\/api.w.org\/{rel}","templated":true}]}}