{"id":2107,"date":"2026-02-16T11:31:37","date_gmt":"2026-02-16T09:31:37","guid":{"rendered":"https:\/\/www.essener-skiklub.de\/?page_id=2107"},"modified":"2026-02-16T21:34:27","modified_gmt":"2026-02-16T19:34:27","slug":"meeting-weihnachtsferien-2026-2027","status":"publish","type":"page","link":"https:\/\/www.essener-skiklub.de\/?page_id=2107","title":{"rendered":"Meeting Weihnachtsferien 2026\/2027"},"content":{"rendered":"\n<p><strong>Hopfgarten | SkiWelt Wilder Kaiser Brixental<\/strong><\/p>\n\n\n\n<p>Kernzeit: Sa 26.12.2026 \u2013 Sa 02.01.2027 | Gesamtzeitraum: Sa 19.12.2026 \u2013 Sa 09.01.2027<\/p>\n\n\n\n<p><strong>UNSERE IDEEN F\u00dcR GEMEINSAME UNTERK\u00dcNFTE<\/strong><\/p>\n\n\n\n<p><strong>Das Hopfgarten Aparthotel<\/strong> <\/p>\n\n\n\n<p>Das Aparthotel (<a href=\"https:\/\/www.dashopfgarten.at\/de\/\">https:\/\/www.dashopfgarten.at\/de\/<\/a>) liegt in Hopfgarten, nur etwa 200 Metereter von der Talstation des Skigebiets entfernt. Lediglich 20 Meter sind es bis zum Kinderskiland \u2013 ausgestattet mit einem Zauberteppich. Hier trifft sich t\u00e4glich um 09:45 Uhr auch die \u00f6rtliche Skischule. Das Auto kann bequem in der Tiefgarage stehen bleiben.<\/p>\n\n\n\n<p>Das Hotel verf\u00fcgt \u00fcber ein gro\u00dfz\u00fcgiges Hallenbad mit einem abgetrennten Kinderbereich und einen Wellnessbereich mit finnischer Sauna, Biosauna und Dampfbad. Zus\u00e4tzlich gibt es auch einen Kinderspielraum sowie viele Aufenthaltsm\u00f6glichkeiten im Lobbybereich.<\/p>\n\n\n\n<p>Die Unterbringung erfolgt wahlweise in verschiedenen Studios und Apartments, ohne und mit K\u00fcche, ohne und mit Privatsauna. Hinsichtlich der Verpflegung gibt es sehr flexible Optionen. Eine komplette Selbstverpflegung ist ebenso m\u00f6glich wie eine Versorgung mit Fr\u00fchst\u00fcck und\/oder Abendessen. Das Fr\u00fchst\u00fcck w\u00fcrde dann im Aparthotel eingenommen werden. Das Abendessen wird im Schwesterhotel \u201eDas Hohe Salve\u201c eingenommen und zeichnet sich durch eine besondere Qualit\u00e4t aus.<\/p>\n\n\n\n<p><strong>****<sup>S<\/sup> Das Hohe Salve Sportresort<\/strong><\/p>\n\n\n\n<p>Das Sportresort (<a href=\"https:\/\/www.dashohesalve.at\/de\/\">https:\/\/www.dashohesalve.at\/de\/<\/a>) liegt direkt an der Talstation, zwischen dieser und dem Kinderland. Das Auto bleibt den gesamten Urlaub lang in der Tiefgarage stehen.<\/p>\n\n\n\n<p>Das Hotel bietet neben einem gro\u00dfen Wellnessbereich zwei Pools (mit Indoor- und Outdoor-Bereichen).<\/p>\n\n\n\n<p><strong>Ferienhaus 4-Jahreszeiten<\/strong><\/p>\n\n\n\n<p>Das Ferienhaus 4-Jahreszeiten (<a href=\"https:\/\/www.4-jahreszeiten.tirol\/\">https:\/\/www.4-jahreszeiten.tirol\/<\/a>) liegt in Hopfgarten, rund 1,5 Kilometer von der Talstation entfernt. Das Haus bietet u. a. zwei Ferienwohnungen (f\u00fcr bis zu 6 Personen mit zwei Schlafzimmern oder f\u00fcr bis zu 7 Personen mit drei Schlafzimmern), eine Sauna, einen Parkplatz und direkte N\u00e4he zur Skibushaltestelle.<\/p>\n\n\n\n<p><strong>Lukasfeld Appartments<\/strong><\/p>\n\n\n\n<p>Das Apartmenthaus Lukasfeld (<a href=\"https:\/\/www.lukasfeld.at\/\">https:\/\/www.lukasfeld.at\/<\/a>) befindet sich im Zentrum von Hopfgarten, neben dem hauseigenen Cafe und Concept Store \u2013 Das Lois. 500 Meter entfernt liegt die Talstation der Gondelbahn zum Einstieg in die Skiwelt Wilder Kaiser Brixental. Das Haus bietet mehrere Ferienwohnungen f\u00fcr 2-4 Personen mit einem separaten Schlafzimmer.<\/p>\n\n\n\n<p><strong>UNSER SKIGEBIET<\/strong><\/p>\n\n\n\n<p><strong>SkiWelt Wilder Kaiser Brixental<\/strong><\/p>\n\n\n\n<figure class=\"wp-block-image size-full\"><img loading=\"lazy\" decoding=\"async\" width=\"1024\" height=\"684\" src=\"http:\/\/www.essener-skiklub.de\/wp-content\/uploads\/2026\/02\/web-Perfekte-Pisten-in-der-SkiWelt-Wilder-Kaiser-Brixental\u00a9bildarchivskiwelt.jpg\" alt=\"\" class=\"wp-image-2113\" srcset=\"https:\/\/www.essener-skiklub.de\/wp-content\/uploads\/2026\/02\/web-Perfekte-Pisten-in-der-SkiWelt-Wilder-Kaiser-Brixental\u00a9bildarchivskiwelt.jpg 1024w, https:\/\/www.essener-skiklub.de\/wp-content\/uploads\/2026\/02\/web-Perfekte-Pisten-in-der-SkiWelt-Wilder-Kaiser-Brixental\u00a9bildarchivskiwelt-300x200.jpg 300w, https:\/\/www.essener-skiklub.de\/wp-content\/uploads\/2026\/02\/web-Perfekte-Pisten-in-der-SkiWelt-Wilder-Kaiser-Brixental\u00a9bildarchivskiwelt-768x513.jpg 768w\" sizes=\"auto, (max-width: 1024px) 100vw, 1024px\" \/><\/figure>\n\n\n\n<p>Die 275 Pistenkilometer in der SkiWelt &nbsp;Wilder Kaiser Brixental (<a href=\"https:\/\/www.skiwelt.at\/de\/skigebiet\/skigebiet-hopfgarten.html\">https:\/\/www.skiwelt.at\/de\/skigebiet\/skigebiet-hopfgarten.html<\/a>) werden von 81 \u00fcberwiegend modernen Seilbahnen bedient. Das Skigebiet liegt im Bundesland Tirol in einer H\u00f6henlage zwischen 620 und 1.869 Metern.<\/p>\n\n\n\n<p>Optional kann man sich auch die SuperSkiCard (<a href=\"https:\/\/www.skiwelt.at\/de\/superskicard.html\">https:\/\/www.skiwelt.at\/de\/superskicard.html<\/a>) g\u00f6nnen. In diesem Fall hat man Zugriff auf 88 Skigebiete, 938 Lifte und 2.843 Pistenkilometer. Zu diesem Skipassverbund geh\u00f6rt auch das Kitzb\u00fcheler Skigebiet, welches per Ski erreichbar ist.<\/p>\n\n\n\n<p><strong>Skipass-Preise SkiWelt<\/strong><\/p>\n\n\n\n<p><strong>SKISCHULE<\/strong><\/p>\n\n\n\n<figure class=\"wp-block-image size-large\"><img loading=\"lazy\" decoding=\"async\" width=\"1024\" height=\"684\" src=\"http:\/\/www.essener-skiklub.de\/wp-content\/uploads\/2026\/02\/skischule-alpin-skilehrer-gruppenfoto-mit-blick-auf-hopfgarten-1-1024x684.jpg\" alt=\"\" class=\"wp-image-2118\" srcset=\"https:\/\/www.essener-skiklub.de\/wp-content\/uploads\/2026\/02\/skischule-alpin-skilehrer-gruppenfoto-mit-blick-auf-hopfgarten-1-1024x684.jpg 1024w, https:\/\/www.essener-skiklub.de\/wp-content\/uploads\/2026\/02\/skischule-alpin-skilehrer-gruppenfoto-mit-blick-auf-hopfgarten-1-300x200.jpg 300w, https:\/\/www.essener-skiklub.de\/wp-content\/uploads\/2026\/02\/skischule-alpin-skilehrer-gruppenfoto-mit-blick-auf-hopfgarten-1-768x513.jpg 768w, https:\/\/www.essener-skiklub.de\/wp-content\/uploads\/2026\/02\/skischule-alpin-skilehrer-gruppenfoto-mit-blick-auf-hopfgarten-1-1536x1026.jpg 1536w, https:\/\/www.essener-skiklub.de\/wp-content\/uploads\/2026\/02\/skischule-alpin-skilehrer-gruppenfoto-mit-blick-auf-hopfgarten-1.jpg 1920w\" sizes=\"auto, (max-width: 1024px) 100vw, 1024px\" \/><\/figure>\n\n\n\n<p>Bei ausreichendem Interesse ist es denkbar, ein eigenes Skischul-Angebot mit unserer DSV-Skischule auf die Beine zu stellen.<\/p>\n\n\n\n<p>Die \u00f6rtliche Skischule (<a href=\"https:\/\/skischule-alpin.com\/index.html\">https:\/\/skischule-alpin.com\/<\/a> ) ist uns gleichwohl als kompetente und freundliche Skischule bekannt, so dass wir guten Gewissens behaupten k\u00f6nnen, dass Kinder ab einem Alter von drei Jahren dort in guten H\u00e4nden sind.<\/p>\n\n\n\n<p><strong>ESK-ANSPRECHPARTNER<\/strong><\/p>\n\n\n\n<p>Bei Interesse an unserem Weihnachtsferien-Meeting steht unser ESK-Ansprechpartner f\u00fcr alle m\u00f6glichen Fragen zur Verf\u00fcgung.<\/p>\n\n\n\n<p><strong>Stefan Nieh\u00fcser<\/strong><br>0177-8184037<br><a href=\"mailto:stefan.niehueser@essener-skiklub.de\">stefan.niehueser@essener-skiklub.de<\/a><\/p>\n","protected":false},"excerpt":{"rendered":"<p>Hopfgarten | SkiWelt Wilder Kaiser Brixental Kernzeit: Sa 26.12.2026 \u2013 Sa 02.01.2027 | Gesamtzeitraum: Sa 19.12.2026 \u2013 Sa 09.01.2027 UNSERE IDEEN F\u00dcR GEMEINSAME UNTERK\u00dcNFTE Das Hopfgarten Aparthotel Das Aparthotel (https:\/\/www.dashopfgarten.at\/de\/) &hellip; <a href=\"https:\/\/www.essener-skiklub.de\/?page_id=2107\" class=\"more-link\"><span class=\"screen-reader-text\">Meeting Weihnachtsferien 2026\/2027<\/span> weiterlesen <span class=\"meta-nav\">&rarr;<\/span><\/a><\/p>\n","protected":false},"author":4,"featured_media":2117,"parent":0,"menu_order":0,"comment_status":"closed","ping_status":"closed","template":"","meta":{"footnotes":""},"class_list":["post-2107","page","type-page","status-publish","has-post-thumbnail","hentry"],"_links":{"self":[{"href":"https:\/\/www.essener-skiklub.de\/index.php?rest_route=\/wp\/v2\/pages\/2107","targetHints":{"allow":["GET"]}}],"collection":[{"href":"https:\/\/www.essener-skiklub.de\/index.php?rest_route=\/wp\/v2\/pages"}],"about":[{"href":"https:\/\/www.essener-skiklub.de\/index.php?rest_route=\/wp\/v2\/types\/page"}],"author":[{"embeddable":true,"href":"https:\/\/www.essener-skiklub.de\/index.php?rest_route=\/wp\/v2\/users\/4"}],"replies":[{"embeddable":true,"href":"https:\/\/www.essener-skiklub.de\/index.php?rest_route=%2Fwp%2Fv2%2Fcomments&post=2107"}],"version-history":[{"count":5,"href":"https:\/\/www.essener-skiklub.de\/index.php?rest_route=\/wp\/v2\/pages\/2107\/revisions"}],"predecessor-version":[{"id":2120,"href":"https:\/\/www.essener-skiklub.de\/index.php?rest_route=\/wp\/v2\/pages\/2107\/revisions\/2120"}],"wp:featuredmedia":[{"embeddable":true,"href":"https:\/\/www.essener-skiklub.de\/index.php?rest_route=\/wp\/v2\/media\/2117"}],"wp:attachment":[{"href":"https:\/\/www.essener-skiklub.de\/index.php?rest_route=%2Fwp%2Fv2%2Fmedia&parent=2107"}],"curies":[{"name":"wp","href":"https:\/\/api.w.org\/{rel}","templated":true}]}}