{"id":24,"date":"2016-04-29T13:18:55","date_gmt":"2016-04-29T13:18:55","guid":{"rendered":"http:\/\/wordpress.essener-skiklub.de\/?page_id=24"},"modified":"2020-03-28T13:26:01","modified_gmt":"2020-03-28T13:26:01","slug":"dsv-skischule","status":"publish","type":"page","link":"https:\/\/www.essener-skiklub.de\/?page_id=24","title":{"rendered":"DSV-Skischule"},"content":{"rendered":"<p>Unsere vom DSV anerkannte vereinseigene Skischule besteht seit Dezember 2005. Seither sind wir immer aktiver geworden und haben unsere T\u00e4tigkeitsfelder ausgeweitet. Neben dem w\u00f6chentlichen Skihallentraining (September bis M\u00e4rz\/April in Bottrop) sind wir mit unseren Skilehrern auch bei den Meetings in Burgeis am Reschenpass (IT) und Grimentz (CH) vor Ort und f\u00fchren Skiunterricht durch. Au\u00dferdem betreuen unsere Skilehrer die Sportreisen des Vereins.<\/p>\n<p><a href=\"http:\/\/www.essener-skiklub.de\/wp-content\/uploads\/2016\/04\/2007_dsv_skischulrahmenordnung.pdf\" class=\"mtli_attachment mtli_pdf\" target=\"_blank\" rel=\"noopener noreferrer\">Skischulrahmenordnung des Deutschen Skiverbandes f\u00fcr DSV-Skischulen<\/a><\/p>\n<p><img loading=\"lazy\" decoding=\"async\" class=\"alignnone wp-image-211 size-medium\" src=\"http:\/\/www.essener-skiklub.de\/wp-content\/uploads\/2016\/04\/Logo_DSV-Skischule-300x41.png\" width=\"300\" height=\"41\" srcset=\"https:\/\/www.essener-skiklub.de\/wp-content\/uploads\/2016\/04\/Logo_DSV-Skischule-300x41.png 300w, https:\/\/www.essener-skiklub.de\/wp-content\/uploads\/2016\/04\/Logo_DSV-Skischule-768x105.png 768w, https:\/\/www.essener-skiklub.de\/wp-content\/uploads\/2016\/04\/Logo_DSV-Skischule-1024x139.png 1024w, https:\/\/www.essener-skiklub.de\/wp-content\/uploads\/2016\/04\/Logo_DSV-Skischule.png 1859w\" sizes=\"auto, (max-width: 300px) 100vw, 300px\" \/><\/p>\n<p><span style=\"color: #000000;\"><span style=\"color: #0070c0;\"><div class=\"su-spoiler su-spoiler-style-simple su-spoiler-icon-plus su-spoiler-closed\" data-scroll-offset=\"0\" data-anchor-in-url=\"no\"><div class=\"su-spoiler-title\" tabindex=\"0\" role=\"button\"><span class=\"su-spoiler-icon\"><\/span>DSV-Skischule in Burgeis<\/div><div class=\"su-spoiler-content su-u-clearfix su-u-trim\"><\/span><\/span>Die DSV-Skischule traf sich bis 2016 regelm\u00e4\u00dfig in den Weihnachtsferien zum Meeting in Burgeis, wo auch das traditionelle Silvesterrennnen ausgetragen wurde.<\/p>\n<p>Nachdem die Nachfrage nach dem Skischulprogramm nachgelassen hat (die Vereins-Kinder sind aus dem Skischulalter &#8222;rausgewachsen&#8220; und der Nachwuchs blieb aus) wird derzeit kein regul\u00e4res Skischulprogramm am Reschenpass angeboten. Da viele Aktive jedoch immernoch regelm\u00e4\u00dfig ihre Urlaube dort verbringen, konnte das Meeting weiterhin aufrecht erhalten werden und auch spontane Skikurse kamen in diesem Rahmen zu stande.\u00a0 Falls ihr einen Urlaub in der Region plant, meldet euch also trotzdem gerne bei <a href=\"#ansprechpartner1\">Uli<\/a>.<\/p>\n<p><strong>Zielort:<\/strong> Burgeis am Reschenpass (Vinschgau, S\u00fcdtirol, Italien)<br \/>\n<strong>Skigebiete:<\/strong> Zwei-L\u00e4nder-Skiarena Vinschgau (Sch\u00f6neben\/Haideralm, Watles, Sulden, Trafoi &amp; Nauders (AT))<\/p>\n<p><strong>Unterk\u00fcnfte<br \/>\n<\/strong>Eine \u00dcbersicht mir einer Auswahl von Fr\u00fchst\u00fcckspensionen, Hotels und Appartments gibt es auf den Seiten des Tourismusvereins:<br \/>\n<a href=\"http:\/\/www.mals.it\/\" target=\"_blank\" rel=\"noopener noreferrer\">www.mals.it<\/a><\/p>\n<p>Als zentrale Skiklub-Unterkunft hat sich in den letzten Jahren das Haus Ziernheld herauskristallisiert:<br \/>\n<a href=\"http:\/\/www.garni-ziernheld.it\/\" target=\"_blank\" rel=\"noopener noreferrer\">www.garni-ziernheld.it<\/a><\/p>\n<p><del><strong>Unsere speziellen Skiklub-Angebote<br \/>\n<\/strong>Hier geht\u2019s zur aktuellen\u00a0<a href=\"http:\/\/www.essener-skiklub.de\/wp-content\/uploads\/2016\/04\/Ausschreibung_Burgeis_2016.pdf\" class=\"mtli_attachment mtli_pdf\" target=\"_blank\" rel=\"noopener noreferrer\">Ausschreibung<\/a>.<\/del><\/p>\n<p><del>Hier geht&#8217;s zum <a href=\"http:\/\/www.essener-skiklub.de\/wp-content\/uploads\/2016\/04\/Formular_Skirennen.pdf\" class=\"mtli_attachment mtli_pdf\" target=\"_blank\" rel=\"noopener noreferrer\"><strong>Anmeldeformular<\/strong><\/a>\u00a0f\u00fcr die <strong>Skirennen<\/strong>.<\/del><br \/>\n<del>Bitte sende dieses ausgef\u00fcllt an stefan.niehueser@essener-skiklub.de.<\/del><\/p>\n<p id=\"ansprechpartner1\"><strong>Ansprechpartner<br \/>\n<\/strong>Ulrich Venten<br \/>\nTel. 0208 67 36 12<br \/>\nulrich.venten@essener-skiklub.de<\/p>\n<p><strong>Aktuelles Webcambild aus dem Skigebiet Sch\u00f6neben<\/strong><br \/>\n<img loading=\"lazy\" decoding=\"async\" src=\"http:\/\/www.schoeneben.it\/webcam\/180.jpg\" width=\"640\" height=\"480\" border=\"0\" \/><\/p>\n<p><img loading=\"lazy\" decoding=\"async\" class=\"alignnone wp-image-210\" src=\"http:\/\/www.essener-skiklub.de\/wp-content\/uploads\/2016\/04\/verein-300x122.jpg\" alt=\"\" width=\"150\" height=\"61\" srcset=\"https:\/\/www.essener-skiklub.de\/wp-content\/uploads\/2016\/04\/verein-300x122.jpg 300w, https:\/\/www.essener-skiklub.de\/wp-content\/uploads\/2016\/04\/verein.jpg 680w\" sizes=\"auto, (max-width: 150px) 100vw, 150px\" \/> <img loading=\"lazy\" decoding=\"async\" class=\"alignnone wp-image-207\" src=\"http:\/\/www.essener-skiklub.de\/wp-content\/uploads\/2016\/04\/burgeis.gif\" alt=\"\" width=\"150\" height=\"68\" \/> <img loading=\"lazy\" decoding=\"async\" class=\"alignnone wp-image-209\" src=\"http:\/\/www.essener-skiklub.de\/wp-content\/uploads\/2016\/04\/schoeneben.jpg\" alt=\"\" width=\"54\" height=\"68\" \/><br \/>\n<span style=\"color: #0070c0;\"><\/div><\/div><\/span><\/p>\n<p><span style=\"color: #0070c0;\"><div class=\"su-spoiler su-spoiler-style-simple su-spoiler-icon-plus su-spoiler-closed\" data-scroll-offset=\"0\" data-anchor-in-url=\"no\"><div class=\"su-spoiler-title\" tabindex=\"0\" role=\"button\"><span class=\"su-spoiler-icon\"><\/span>DSV-Skischule in Grimentz<\/div><div class=\"su-spoiler-content su-u-clearfix su-u-trim\"><\/span>Die DSV-Skischule traf sich regelm\u00e4\u00dfig in den Osterferien zum Meeting in Grimentz, wo auch die Essener Stadtmeisterschaften und das Skiklub-Kinderrennen ausgetragen wurden.<\/p>\n<p>Nachdem die Nachfrage nach dem Skischulprogramm nachgelassen hat (die Vereins-Kinder sind aus dem Skischulalter \u201erausgewachsen\u201c und der Nachwuchs blieb aus) wird derzeit kein regul\u00e4res Skischulprogramm in Grimentz angeboten. Da viele Aktive jedoch immernoch regelm\u00e4\u00dfig ihre Urlaube dort verbringen, wird das Meeting ohne Skischule aufrecht erhalten.\u00a0 Falls ihr einen Urlaub in der Region plant, meldet euch also trotzdem gerne bei <a href=\"#ansprechpartner2\">Uli<\/a>, der euch verschiedene weitere Ansprechpartner vor Ort nennen kann.<\/p>\n<p><strong>Zielort:<\/strong> Grimentz (Val d&#8217;Anniviers, Wallis, Schweiz)<br \/>\n<strong>Skigebiete:<\/strong> Val d&#8217;Anniviers (Grimentz-Zinal, Chandolin-St.Luc, Vercorin)<\/p>\n<p><strong>Unterk\u00fcnfte<br \/>\n<\/strong>Selbstverpfleger-Appartments k\u00f6nnen bei folgenden zwei Agenturen gebucht werden:<br \/>\n<a href=\"http:\/\/www.grimentz-location.ch\/\" target=\"_blank\" rel=\"noopener noreferrer\">www.grimentz-location.ch<br \/>\n<\/a><a href=\"http:\/\/www.immobilia-grimentz.ch\/\" target=\"_blank\" rel=\"noopener noreferrer\">www.immobilia-grimentz.ch<\/a><\/p>\n<p>Eine \u00dcbersicht der Hotels ist hier zu finden:<br \/>\n<a href=\"http:\/\/www.grimentz.ch\/\" target=\"_blank\" rel=\"noopener noreferrer\">www.grimentz.ch<\/a><\/p>\n<p><del><strong>Unsere speziellen Skiklub-Angebote<\/strong><\/del><\/p>\n<p><del>Hier geht\u2019s zur aktuellen\u00a0<a href=\"http:\/\/www.essener-skiklub.de\/wp-content\/uploads\/2016\/04\/Ausschreibung_Grimentz_2017.pdf\" class=\"mtli_attachment mtli_pdf\" target=\"_blank\" rel=\"noopener noreferrer\">Ausschreibung<\/a>.<\/del><\/p>\n<p><del>Hier geht&#8217;s zum<a href=\"http:\/\/www.essener-skiklub.de\/wp-content\/uploads\/2016\/04\/Formular_DSV-Skischule.pdf\" class=\"mtli_attachment mtli_pdf\" target=\"_blank\" rel=\"noopener noreferrer\"><strong><span style=\"color: #0070c0;\"> Anmeldeformular<\/span><\/strong><\/a>\u00a0f\u00fcr die <strong>DSV-Skischule<\/strong>.<\/del><br \/>\n<del>Bitte sende dieses ausgef\u00fcllt an dsv-skischule@essener-skiklub.de.<\/del><\/p>\n<p><del>Hier geht&#8217;s zum <a href=\"http:\/\/www.essener-skiklub.de\/wp-content\/uploads\/2016\/04\/Formular_Skirennen.pdf\" class=\"mtli_attachment mtli_pdf\" target=\"_blank\" rel=\"noopener noreferrer\"><strong>Anmeldeformular<\/strong><\/a>\u00a0f\u00fcr die <strong>Skirennen<\/strong>.<\/del><br \/>\n<del>Bitte sende dieses ausgef\u00fcllt an stefan.niehueser@essener-skiklub.de.<\/del><\/p>\n<p id=\"ansprechpartner2\"><strong>Ansprechpartner<br \/>\n<\/strong>Ulrich Venten<br \/>\nTel. 0208 67 36 12<br \/>\nulrich.venten@essener-skiklub.de<\/p>\n<p><a href=\"mailto:ulrich.venten@essener-skiklub.de\"><br \/>\n<\/a><a href=\"mailto:ulrich.venten@essener-skiklub.de\"><img loading=\"lazy\" decoding=\"async\" class=\"alignnone wp-image-210\" src=\"http:\/\/www.essener-skiklub.de\/wp-content\/uploads\/2016\/04\/verein-300x122.jpg\" alt=\"\" width=\"150\" height=\"61\" srcset=\"https:\/\/www.essener-skiklub.de\/wp-content\/uploads\/2016\/04\/verein-300x122.jpg 300w, https:\/\/www.essener-skiklub.de\/wp-content\/uploads\/2016\/04\/verein.jpg 680w\" sizes=\"auto, (max-width: 150px) 100vw, 150px\" \/><\/a><a href=\"mailto:ulrich.venten@essener-skiklub.de\"><img loading=\"lazy\" decoding=\"async\" class=\"alignnone wp-image-208\" src=\"http:\/\/www.essener-skiklub.de\/wp-content\/uploads\/2016\/04\/grimentz-300x57.gif\" alt=\"\" width=\"150\" height=\"29\" \/><\/a><a href=\"mailto:ulrich.venten@essener-skiklub.de\"><span style=\"color: #0070c0;\"><\/div><\/div><\/span><\/a><\/p>\n<p><span style=\"color: #0070c0;\"><div class=\"su-spoiler su-spoiler-style-simple su-spoiler-icon-plus su-spoiler-closed\" data-scroll-offset=\"0\" data-anchor-in-url=\"no\"><div class=\"su-spoiler-title\" tabindex=\"0\" role=\"button\"><span class=\"su-spoiler-icon\"><\/span>Ausbildung mit der DSV-Skischule<\/div><div class=\"su-spoiler-content su-u-clearfix su-u-trim\"><\/span>Du m\u00f6chtest gerne eine Ausbildung zum Skilehrer oder Snowboardlehrer machen!? Dann bist du beim Essener Skiklub genau richtig!<\/p>\n<p>Um eine Ausbildung beim westdeutschen Skiverband (stellvertretend f\u00fcr den Deutschen Skiverband) absolvieren zu k\u00f6nnen, ist zun\u00e4chst eine Mitgliedschaft in einem Skiklub notwendig. Alle Informationen zur Mitgliedschaft sowie das n\u00f6tige Eintrittsformular findest du <a href=\"http:\/\/www.essener-skiklub.de\/?page_id=21\" target=\"_blank\" rel=\"noopener noreferrer\">hier<\/a>.<\/p>\n<p>Wenn du Mitglied bist, kannst du dich zu deinem ersten Lehrgang anmelden. Dies kann entweder der Theorie-Lehrgang (T) oder der Grundstufen 1-Lehrgang (G1) sein. Beide sind zu absolvieren, um die Zulassung zum Grundstufen 2-Lehrgang (G2) zu erhalten. Der G1-Lehrgang im Schnee kann entweder \u00fcber eine Woche in den Alpen oder an zwei Wochenenden in den Skihallen plus zus\u00e4tzlichem Praktikum im Skiverein absolviert werden. Der G2-Lehrgang findet in jedem Falle w\u00e4hrend einer Woche in den Alpen statt und schlie\u00dft mit Pr\u00fcfungen die erste Ausbildungsstufe ab. F\u00fcr den G2-Lehrgang ist eine Bef\u00fcrwortung seitens des Skiklubs notwendig, die mit der Anmeldung zum Lehrgang ausgesprochen wird.<\/p>\n<p>Schlie\u00dflich, nach bestandenem Grundstufen-Lehrgang, steht der einw\u00f6chige Instructor-Lehrgang (I) an, f\u00fcr den gleiches Anmelde-Procedere gilt, wie beim G2-Lehrgang.<\/p>\n<p>Solltest du alle H\u00fcrden genommen und erfolgreich bestanden haben, kannst du beim DSV-Carc-Service (Deutscher Skiverband) deinen Ausweis online bestellen.<\/p>\n<p>Im \u00dcbrigen sei gesagt, dass wir &#8211; die Skischulverantwortlichen des Essener Skiklubs &#8211; uns f\u00fcr deinen Werdegang interessieren und uns daher freuen, wenn du uns nach deinem jeweiligen Lehrgang \u00fcber alles Interessante &#8211; insbesondere dein Abschneiden &#8211; informierst.<\/p>\n<p>Gerne helfen wir grunds\u00e4tzlich auch stets weiter bei Problemen, Unklarheiten, eben allen Aspekten rund um deine Ausbildung.<\/p>\n<p>Mit folgender Email erreichst du direkt alle Verantwortlichen:<br \/>\ndsv-skischule@essener-skiklub.de<\/p>\n<p>Umfangreichere Informationen zum Thema Ausbildung und Fortbildung findest du auch auf den Internetseiten des\u00a0<a href=\"http:\/\/www.wsv-ski.de\/lehrwesen\/\" target=\"_blank\" rel=\"noopener noreferrer\">westdeutschen skiverbandes<\/a>.<\/p>\n<p><strong>Praktikum beim Essener Skiklub<br \/>\n<\/strong>Wir bieten die M\u00f6glichkeit das Praktikum bei uns im Verein zu absolvieren. Die entsprechenden Informationen sind hier zu finden:<\/p>\n<p><a href=\"http:\/\/www.essener-skiklub.de\/download\/praktikum_dsv-skischule.pdf\" class=\"mtli_attachment mtli_pdf\">\u00a0<\/a><a href=\"http:\/\/www.essener-skiklub.de\/wp-content\/uploads\/2016\/04\/praktikum_dsv-skischule.pdf\" class=\"mtli_attachment mtli_pdf\" target=\"_blank\" rel=\"noopener noreferrer\">Praktikum (zur Grundstufe 1) im Essener Skiklub<br \/>\n<span style=\"color: #0070c0;\"><\/div><\/div><\/span><br \/>\n<\/a><\/p>\n","protected":false},"excerpt":{"rendered":"<p>Unsere vom DSV anerkannte vereinseigene Skischule besteht seit Dezember 2005. Seither sind wir immer aktiver geworden und haben unsere T\u00e4tigkeitsfelder ausgeweitet. Neben dem w\u00f6chentlichen Skihallentraining (September bis M\u00e4rz\/April in Bottrop) &hellip; <a href=\"https:\/\/www.essener-skiklub.de\/?page_id=24\" class=\"more-link\"><span class=\"screen-reader-text\">DSV-Skischule<\/span> weiterlesen <span class=\"meta-nav\">&rarr;<\/span><\/a><\/p>\n","protected":false},"author":1,"featured_media":0,"parent":0,"menu_order":0,"comment_status":"closed","ping_status":"closed","template":"","meta":{"footnotes":""},"class_list":["post-24","page","type-page","status-publish","hentry"],"_links":{"self":[{"href":"https:\/\/www.essener-skiklub.de\/index.php?rest_route=\/wp\/v2\/pages\/24","targetHints":{"allow":["GET"]}}],"collection":[{"href":"https:\/\/www.essener-skiklub.de\/index.php?rest_route=\/wp\/v2\/pages"}],"about":[{"href":"https:\/\/www.essener-skiklub.de\/index.php?rest_route=\/wp\/v2\/types\/page"}],"author":[{"embeddable":true,"href":"https:\/\/www.essener-skiklub.de\/index.php?rest_route=\/wp\/v2\/users\/1"}],"replies":[{"embeddable":true,"href":"https:\/\/www.essener-skiklub.de\/index.php?rest_route=%2Fwp%2Fv2%2Fcomments&post=24"}],"version-history":[{"count":39,"href":"https:\/\/www.essener-skiklub.de\/index.php?rest_route=\/wp\/v2\/pages\/24\/revisions"}],"predecessor-version":[{"id":1321,"href":"https:\/\/www.essener-skiklub.de\/index.php?rest_route=\/wp\/v2\/pages\/24\/revisions\/1321"}],"wp:attachment":[{"href":"https:\/\/www.essener-skiklub.de\/index.php?rest_route=%2Fwp%2Fv2%2Fmedia&parent=24"}],"curies":[{"name":"wp","href":"https:\/\/api.w.org\/{rel}","templated":true}]}}