{"id":28,"date":"2016-04-29T13:21:14","date_gmt":"2016-04-29T13:21:14","guid":{"rendered":"http:\/\/wordpress.essener-skiklub.de\/?page_id=28"},"modified":"2022-10-24T21:50:57","modified_gmt":"2022-10-24T19:50:57","slug":"alpiner-wettkampfsport","status":"publish","type":"page","link":"https:\/\/www.essener-skiklub.de\/?page_id=28","title":{"rendered":"Alpinsport"},"content":{"rendered":"<p>Der Alpinsport ist der Kernbereich der jugendsportlichen Arbeit im Essener Skiklub. Er gliedert sich in die Bereiche Wettkampfsport (Rennlauf) und Breitensport (Nachwuchs). Wir bieten sowohl f\u00fcr Kinder ab etwa f\u00fcnf Jahren, als auch f\u00fcr junge Erwachsene ein umfangreiches Angebot. Es setzt bei den Skikursen f\u00fcr fortgeschrittene Kinder an und endet beim Training unserer besten Rennl\u00e4ufer.<\/p>\n<div class=\"su-spoiler su-spoiler-style-simple su-spoiler-icon-plus su-spoiler-closed\" data-scroll-offset=\"0\" data-anchor-in-url=\"no\"><div class=\"su-spoiler-title\" tabindex=\"0\" role=\"button\"><span class=\"su-spoiler-icon\"><\/span>Alpiner Wettkampfsport<\/div><div class=\"su-spoiler-content su-u-clearfix su-u-trim\">Dieser Bereich beinhaltet das breite Angebot rund um den alpinen Skirennenlauf mit Sch\u00fclern und Jugendlichen, und ist leistungssportlich ausgerichtet. Das hei\u00dft nicht, dass wir Hochleistungssport mit unserem Nachwuchs betreiben! Die Formel &#8222;fordern &#8211; aber nicht \u00fcberfordern&#8220; soll f\u00fcr unsere engagierte Jugendarbeit stehen. Wir f\u00f6rdern unseren Nachwuchs bestm\u00f6glich! Die Frage, die hinter alledem steht, lautet: &#8222;Wie kann eine angemessene F\u00f6rderung &#8211; Training und Wettkampf beinhaltend &#8211; aussehen, ohne sozialen Aspekten wie Schule, Freizeit, Familie und Freunde, sowie finanziellen Aspekten, nicht gen\u00fcgende Aufmerksamkeit zuzuwenden?&#8220; Antworten versuchen wir mit unserem Handeln zu geben.<\/div><\/div>\n<div class=\"su-spoiler su-spoiler-style-simple su-spoiler-icon-plus su-spoiler-closed\" data-scroll-offset=\"0\" data-anchor-in-url=\"no\"><div class=\"su-spoiler-title\" tabindex=\"0\" role=\"button\"><span class=\"su-spoiler-icon\"><\/span>Breitensport<\/div><div class=\"su-spoiler-content su-u-clearfix su-u-trim\">\nDer Bereich Breitensport deckt zun\u00e4chst das kindgerecht gestaltete Angebot rund um den alpinen Skilauf mit unserem j\u00fcngsten Nachwuchs ab. Von leistungssportlichem Denken wollen wir in diesem Alter noch nicht viel wissen. Es geht uns prim\u00e4r um &#8222;Spa\u00df am Sport&#8220;! Gerne wollen wir den Ehrgeiz der Kinder wecken &#8211; alles im Rahmen! Die Kinder sollen allerdings zun\u00e4chst das Skifahren erlernen und sich dabei stets verbessern. In einem weiteren Schritt ist die Teilnahme an ersten Kinderskirennen in unserer N\u00e4he m\u00f6glich.<\/p>\n<p>In den Bereich Breitensport fallen auch die Aktivit\u00e4ten und Angebote unserer anerkannten DSV-Skischule sowie das &#8211; wie wir finden &#8211; beachtliche Programm an Sportreisen, die wir jeden Winter f\u00fcr unsere Mitglieder und auch G\u00e4ste organisieren und durchf\u00fchren.<\/div><\/div>\n<div class=\"su-spoiler su-spoiler-style-simple su-spoiler-icon-plus su-spoiler-closed\" data-scroll-offset=\"0\" data-anchor-in-url=\"no\"><div class=\"su-spoiler-title\" tabindex=\"0\" role=\"button\"><span class=\"su-spoiler-icon\"><\/span>Training<\/div><div class=\"su-spoiler-content su-u-clearfix su-u-trim\">\n<p>Das <strong>Skihallentraining im Alpincenter Bottrop<\/strong>\u00a0findet w\u00e4hrend der Wintersaison (erstmals nach den Herbstferien) donnerstags von 18:00-20:00 Uhr sowie jeden zweiten Dienstag von 18:00 bis 20:00 Uhr\u00a0statt.<\/p>\n<p>Auch <strong>im Sommer trainieren<\/strong> unsere Aktiven flei\u00dfig jeden zweiten Samstag in der Skihalle (Techniktraining). Jeden Donnerstag findet au\u00dferdem von 18:45-20:00 Uhr ein Konditionstraining statt, dessen Inhalte kurzfristig festgelegt werden (Kondition, Koordination, Inline, Mountainbike etc.). Die Mindestteilnehmerzahl liegt im Sommer bei drei Aktiven.<\/p>\n<p>Jegliche <strong>Termine<\/strong> der alpinen Rennmannschaft werden \u00fcber <a href=\"https:\/\/www.spielerplus.de\/\" target=\"_blank\" rel=\"noopener noreferrer\">SpielerPlus<\/a> kommuniziert. \u00a0Alle Sportler bzw. Eltern erhalten hierf\u00fcr einen Zugang.<\/p>\n<p><strong>Trainerteam<\/strong><br \/>\nDas aktuelle Trainerteam besteht aus Jana, Lisa, Maren, Markus, Niklas und Uli. Weitere Informationen zu diesen Ansprechpartnern findest du <a href=\"http:\/\/www.essener-skiklub.de\/?page_id=13\" target=\"_blank\" rel=\"noopener noreferrer\">hier<\/a>.<\/div><\/div>\n<div class=\"su-spoiler su-spoiler-style-simple su-spoiler-icon-plus su-spoiler-closed\" data-scroll-offset=\"0\" data-anchor-in-url=\"no\"><div class=\"su-spoiler-title\" tabindex=\"0\" role=\"button\"><span class=\"su-spoiler-icon\"><\/span>Skirennen<\/div><div class=\"su-spoiler-content su-u-clearfix su-u-trim\">\n<p><a href=\"http:\/\/www.essener-skiklub.de\/wp-content\/uploads\/2016\/04\/Startausweisantrag.pdf\" class=\"mtli_attachment mtli_pdf\" target=\"_blank\" rel=\"noopener noreferrer\">Startausweisantrag<\/a><\/p>\n<h4><strong>DSV-Punkterennen (Jahrgang 2004 und \u00e4lter)<\/strong><\/h4>\n<p><a href=\"http:\/\/www.deutscherskiverband.de\/leistungssport_ski-alpin_termine_fis_direkt_de,352.html\" target=\"_blank\" rel=\"noopener noreferrer\">Termine auf der Webseite des Deutschen Skiverbandes<br \/>\n<\/a><a href=\"http:\/\/www.wsv-ski.de\/nc\/wettkampfsport\/alpinski\/wettkampftermine\/\" target=\"_blank\" rel=\"noopener noreferrer\">Termine auf der Webseite des westdeutschen skiverbandes<\/a><\/p>\n<p><strong>Ansprechpartner: <\/strong>Jana Janduda<br \/>\n<strong>Vertreter: <\/strong>Ulrich Venten<\/p>\n<h4><strong>DSV-Sch\u00fcler-Punkterennen (Jahrgang 2005 bis 2008)<\/strong><\/h4>\n<p><a href=\"http:\/\/www.deutscherskiverband.de\/leistungssport_ski-alpin_termine_fis_direkt_de,352.html\" target=\"_blank\" rel=\"noopener noreferrer\">Termine auf der Webseite des Deutschen Skiverbandes<br \/>\n<\/a><a href=\"http:\/\/www.wsv-ski.de\/nc\/wettkampfsport\/alpinski\/wettkampftermine\/\" target=\"_blank\" rel=\"noopener noreferrer\">Termine auf der Webseite des westdeutschen skiverbandes<\/a><\/p>\n<p><strong>Ansprechpartner: <\/strong>Jana Janduda<br \/>\n<strong>Vertreter: <\/strong>Ulrich Venten<\/p>\n<h4>Breitensportliche Skirennen (teilweise alle Altersklassen)<\/h4>\n<p><a href=\"http:\/\/www.wsv-ski.de\/nc\/wettkampfsport\/alpinski\/wettkampftermine\/\" target=\"_blank\" rel=\"noopener noreferrer\">Termine auf der Webseite des westdeutschen skiverbandes<\/a><\/p>\n<p><strong>Ansprechpartner: <\/strong>Jana Janduda<br \/>\n<strong>Vertreter:<\/strong>\u00a0Markus Henkel<\/p>\n<h4><strong>Ergebnislisten<\/strong><\/h4>\n<p>Die Ergebnisse der Essener Stadtmeisterschaften sowie der Skiklub-Kinderrennen in Grimentz findet ihr <a href=\"http:\/\/www.essener-skiklub.de\/?page_id=26#Ergebnislisten_Essener_Stadtmeisterschaften\" target=\"_blank\" rel=\"noopener noreferrer\">hier<\/a>.<\/p>\n<p><strong>Ergebnisse der DSV-Sch\u00fcler-Punkterennen findet ihr <a href=\"https:\/\/www.deutscherskiverband.de\/leistungssport_ski-alpin_schueler_de,1357776.html\" target=\"_blank\" rel=\"noopener noreferrer\">hier<\/a>.<\/strong><\/p>\n<p><strong>Ergebnisse der DSV-Punkterennen der Jugend und Senioren findet ihr <a href=\"https:\/\/www.deutscherskiverband.de\/leistungssport_ski-alpin_jugend_senioren_de,1357777.html\" target=\"_blank\" rel=\"noopener noreferrer\">hier<\/a>.<\/strong><\/p>\n<p><strong>Bottroper Abschlussrennen<\/strong><\/p>\n<p><strong><a href=\"http:\/\/www.essener-skiklub.de\/wp-content\/uploads\/2016\/04\/2016_abschlussrennen_ergebnisliste.pdf\" class=\"mtli_attachment mtli_pdf\" target=\"_blank\" rel=\"noopener noreferrer\">30.04.2016, Bottrop (GER), Riesenslalom<\/a><br \/>\n<a href=\"http:\/\/www.essener-skiklub.de\/wp-content\/uploads\/2016\/04\/2014_abschlussrennen_ergebnisliste.pdf\" class=\"mtli_attachment mtli_pdf\" target=\"_blank\" rel=\"noopener noreferrer\">24.05.2014, Bottrop (GER), Vielseitigkeitslauf<br \/>\n<\/a><a href=\"http:\/\/www.essener-skiklub.de\/wp-content\/uploads\/2016\/04\/2013_abschlussrennen_ergebnisliste.pdf\" class=\"mtli_attachment mtli_pdf\" target=\"_blank\" rel=\"noopener noreferrer\">18.04.2013, Bottrop (GER), Riesenslalom<br \/>\n<\/a><\/strong><strong><a href=\"http:\/\/www.essener-skiklub.de\/wp-content\/uploads\/2016\/04\/2012_abschlussrennen_ergebnisliste.pdf\" class=\"mtli_attachment mtli_pdf\" target=\"_blank\" rel=\"noopener noreferrer\">19.04.2012, Bottrop (GER), Riesenslalom<\/a><br \/>\n<a href=\"http:\/\/www.essener-skiklub.de\/wp-content\/uploads\/2016\/04\/2011_abschlussrennen_ergebnisliste.pdf\" class=\"mtli_attachment mtli_pdf\" target=\"_blank\" rel=\"noopener noreferrer\">07.04.2011, Bottrop (GER), Riesenslalom<\/a><br \/>\n<a href=\"http:\/\/www.essener-skiklub.de\/wp-content\/uploads\/2016\/04\/2010_abschlussrennen_ergebnisliste.pdf\" class=\"mtli_attachment mtli_pdf\" target=\"_blank\" rel=\"noopener noreferrer\">18.03.2010, Bottrop (GER), Riesenslalom<\/a><br \/>\n<a href=\"http:\/\/www.essener-skiklub.de\/wp-content\/uploads\/2016\/04\/2009_abschlussrennen_ergebnisliste.pdf\" class=\"mtli_attachment mtli_pdf\" target=\"_blank\" rel=\"noopener noreferrer\">26.03.2009, Bottrop (GER), Riesenslalom<\/a><\/strong><\/p>\n<h4>ARCHIV<\/h4>\n<p><strong>Saision 2011\/2012<br \/>\n<a href=\"http:\/\/www.essener-skiklub.de\/wp-content\/uploads\/2016\/04\/21.01.2012-Seebach-GER-DSV-Punkterennen-SL.pdf\" class=\"mtli_attachment mtli_pdf\" target=\"_blank\" rel=\"noopener noreferrer\">21.01.2012, Seebach (GER), DSV-Punkterennen, SL<\/a>\u00a0(DSV-Punkterennen)<br \/>\n<a href=\"http:\/\/www.essener-skiklub.de\/wp-content\/uploads\/2016\/04\/21.01.2012-Seebach-GER-Schwarzwaldmeisterschaft-SL.pdf\" class=\"mtli_attachment mtli_pdf\" target=\"_blank\" rel=\"noopener noreferrer\">21.01.2012, Seebach (GER), Schwarzwaldmeisterschaft, SL<\/a>\u00a0(DSV-Punkterennen)<a href=\"http:\/\/wordpress.essener-skiklub.de\/wp-content\/uploads\/2016\/04\/21.01.2012-Seebach-GER-Schwarzwaldmeisterschaft-SL.pdf\" class=\"mtli_attachment mtli_pdf\"><br \/>\n<\/a><a href=\"http:\/\/www.essener-skiklub.de\/wp-content\/uploads\/2016\/04\/15.01.2012-Maria-ALM-AUT-Westdeutsche-Meisterschaften-SG.pdf\" class=\"mtli_attachment mtli_pdf\" target=\"_blank\" rel=\"noopener noreferrer\">15.01.2012, Maria-ALM (AUT), Westdeutsche Meisterschaften, SG<\/a>\u00a0(DSV-Punkterennen)<a href=\"http:\/\/wordpress.essener-skiklub.de\/wp-content\/uploads\/2016\/04\/15.01.2012-Maria-ALM-AUT-Westdeutsche-Meisterschaften-SG.pdf\" class=\"mtli_attachment mtli_pdf\"><br \/>\n<\/a><a href=\"http:\/\/www.essener-skiklub.de\/wp-content\/uploads\/2016\/04\/15.01.2012-Maria-ALM-AUT-Westdeutsche-Meisterschaften-RS.pdf\" class=\"mtli_attachment mtli_pdf\" target=\"_blank\" rel=\"noopener noreferrer\">15.01.2012, Maria-ALM (AUT), Westdeutsche Meisterschaften, RS<\/a>\u00a0(DSV-Punkterennen)<br \/>\n<a href=\"http:\/\/www.essener-skiklub.de\/wp-content\/uploads\/2016\/04\/14.01.2012-Maria-ALM-AUT-Westdeutsche-Meisterschaften-SL.pdf\" class=\"mtli_attachment mtli_pdf\" target=\"_blank\" rel=\"noopener noreferrer\">14.01.2012, Maria-ALM (AUT), Westdeutsche Meisterschaften, SL<\/a>\u00a0(DSV-Punkterennen)<a href=\"http:\/\/wordpress.essener-skiklub.de\/wp-content\/uploads\/2016\/04\/15.01.2012-Maria-ALM-AUT-Westdeutsche-Meisterschaften-SL.pdf\" class=\"mtli_attachment mtli_pdf\"><br \/>\n<\/a><a href=\"http:\/\/www.essener-skiklub.de\/wp-content\/uploads\/2016\/04\/20.11.2011-Bottrop-GER-DSV-Punkterennen-SL.pdf\" class=\"mtli_attachment mtli_pdf\" target=\"_blank\" rel=\"noopener noreferrer\">20.11.2011, Bottrop (GER), DSV-Punkterennen, SL<\/a>\u00a0(DSV-Punkterennen)<a href=\"http:\/\/wordpress.essener-skiklub.de\/wp-content\/uploads\/2016\/04\/20.11.2011-Bottrop-GER-DSV-Punkterennen-SL.pdf\" class=\"mtli_attachment mtli_pdf\"><br \/>\n<\/a><a href=\"http:\/\/www.essener-skiklub.de\/wp-content\/uploads\/2016\/04\/06.11.2011-Bottrop-GER-wsv-Nachwuchs-Cup-II-VSL.pdf\" class=\"mtli_attachment mtli_pdf\" target=\"_blank\" rel=\"noopener noreferrer\">06.11.2011, Bottrop (GER), wsv-Nachwuchs-Cup II, VSL<\/a>\u00a0(wsv-Nachwuchs-Cup)<a href=\"http:\/\/www.essener-skiklub.de\/wp-content\/uploads\/2016\/04\/20.11.2011-Bottrop-GER-DSV-Punkterennen-SL.pdf\" class=\"mtli_attachment mtli_pdf\" target=\"_blank\" rel=\"noopener noreferrer\"><br \/>\n06.11.2011, Bottrop (GER), wsv-Nachwuchs-Cup I, VSL<\/a>\u00a0(wsv-Nachwuchs-Cup)<a href=\"http:\/\/wordpress.essener-skiklub.de\/wp-content\/uploads\/2016\/04\/06.11.2011-Bottrop-GER-wsv-Nachwuchs-Cup-II-VSL.pdf\" class=\"mtli_attachment mtli_pdf\"><br \/>\n<\/a><a href=\"http:\/\/www.essener-skiklub.de\/wp-content\/uploads\/2016\/04\/08.10.2011-Neuss-GER-Spyder-Cup-VS.pdf\" class=\"mtli_attachment mtli_pdf\" target=\"_blank\" rel=\"noopener noreferrer\">08.10.2011, Neuss (GER), Spyder-Cup, VS<\/a>\u00a0(breitensportliches Skirennen)<a href=\"http:\/\/wordpress.essener-skiklub.de\/wp-content\/uploads\/2016\/04\/08.10.2011-Neuss-GER-Spyder-Cup-VS.pdf\" class=\"mtli_attachment mtli_pdf\"><br \/>\n<\/a><\/strong><\/p>\n<p><strong>Saison 2010\/2011<br \/>\n<a href=\"http:\/\/www.essener-skiklub.de\/wp-content\/uploads\/2016\/04\/13.03.2011-Willingen-GER-Hessische_Westdeutsche-Sch\u00fcler-Ms.-SL.pdf\" class=\"mtli_attachment mtli_pdf\" target=\"_blank\" rel=\"noopener noreferrer\">13.03.2011, Willingen (GER), Hessische_Westdeutsche Sch\u00fcler-Ms., SL<\/a>\u00a0(DSV-Sch\u00fcler-Punkterennen)<br \/>\n<a href=\"http:\/\/www.essener-skiklub.de\/wp-content\/uploads\/2016\/04\/12.03.2011-Willingen-GER-Hessische-Sch\u00fcler-Meisterschaften-RS.pdf\" class=\"mtli_attachment mtli_pdf\" target=\"_blank\" rel=\"noopener noreferrer\">12.03.2011, Willingen (GER), Hessische Sch\u00fcler-Meisterschaften, RS<\/a>\u00a0(DSV-Sch\u00fcler-Punkterennen)<br \/>\n<a href=\"http:\/\/www.essener-skiklub.de\/wp-content\/uploads\/2016\/04\/27.02.2011-Todtnauberg-GER-Walter-Zimmermann-Pokal-SL.pdf\" class=\"mtli_attachment mtli_pdf\" target=\"_blank\" rel=\"noopener noreferrer\">27.02.2011, Todtnauberg (GER), Walter-Zimmermann-Pokal, SL<\/a>\u00a0(DSV-Sch\u00fcler-Punkterennen)<br \/>\n<a href=\"http:\/\/www.essener-skiklub.de\/wp-content\/uploads\/2016\/04\/26.02.2011-Todtnauberg-GER-Dom-Pokal-RS.pdf\" class=\"mtli_attachment mtli_pdf\" target=\"_blank\" rel=\"noopener noreferrer\">26.02.2011, Todtnauberg (GER), Dom-Pokal, RS<\/a>\u00a0(DSV-Sch\u00fcler-Punkterennen)<br \/>\n<a href=\"http:\/\/www.essener-skiklub.de\/wp-content\/uploads\/2016\/04\/05.02.2011-Altastenberg-GER-Westdeutsche-Sch\u00fcler-Ms.-RS.pdf\" class=\"mtli_attachment mtli_pdf\" target=\"_blank\" rel=\"noopener noreferrer\">05.02.2011, Altastenberg (GER), Westdeutsche Sch\u00fcler-Ms., RS<\/a>\u00a0(DSV-Sch\u00fcler-Punkterennen)<br \/>\n<a href=\"http:\/\/www.essener-skiklub.de\/wp-content\/uploads\/2016\/04\/30.01.2011-Bruchhausen-GER-Head-Cup-6-RS.pdf\" class=\"mtli_attachment mtli_pdf\" target=\"_blank\" rel=\"noopener noreferrer\">30.01.2011, Bruchhausen (GER), Head-Cup 6, RS<\/a>\u00a0(breitensportliches Skirennen)<br \/>\n<a href=\"http:\/\/www.essener-skiklub.de\/wp-content\/uploads\/2016\/04\/30.01.2011-Bruchhausen-GER-Head-Cup-5-RS.pdf\" class=\"mtli_attachment mtli_pdf\" target=\"_blank\" rel=\"noopener noreferrer\">30.01.2011, Bruchhausen (GER), Head-Cup 5, RS<\/a>(breitensportliches Skirennen)<br \/>\n<a href=\"http:\/\/www.essener-skiklub.de\/wp-content\/uploads\/2016\/04\/29.01.2011-Bruchhausen-GER-Head-Cup-4-RS.pdf\" class=\"mtli_attachment mtli_pdf\" target=\"_blank\" rel=\"noopener noreferrer\">29.01.2011, Bruchhausen (GER), Head-Cup 4, RS<\/a>\u00a0(breitensportliches Skirennen)<br \/>\n<\/strong><strong><a href=\"http:\/\/www.essener-skiklub.de\/wp-content\/uploads\/2016\/04\/29.01.2011-Bruchhausen-GER-Head-Cup-3-RS.pdf\" class=\"mtli_attachment mtli_pdf\" target=\"_blank\" rel=\"noopener noreferrer\">29.01.2011, Bruchhausen (GER), Head-Cup 3, RS<\/a>\u00a0(breitensportliches Skirennen)<\/strong><strong><br \/>\n<\/strong><strong><a href=\"http:\/\/www.essener-skiklub.de\/wp-content\/uploads\/2016\/04\/23.01.2011-B\u00f6defeld-GER-wsv-Sch\u00fcler-Jugend-Cup-1-SL.pdf\" class=\"mtli_attachment mtli_pdf\" target=\"_blank\" rel=\"noopener noreferrer\">23.01.2011, B\u00f6defeld (GER), wsv-Sch\u00fcler- &amp; Jugend-Cup 1, SL<\/a>\u00a0(wsv-Sch\u00fcler- &amp; Jugend-Cup)<br \/>\n<a href=\"http:\/\/www.essener-skiklub.de\/wp-content\/uploads\/2016\/04\/23.01.2011-B\u00f6defeld-GER-wsv-Sch\u00fcler-Jugend-Cup-2-SL.pdf\" class=\"mtli_attachment mtli_pdf\" target=\"_blank\" rel=\"noopener noreferrer\">23.01.2011, B\u00f6defeld (GER), wsv-Sch\u00fcler- &amp; Jugend-Cup 2, SL<\/a> (wsv-Sch\u00fcler- &amp; Jugend-Cup)<br \/>\n<a href=\"http:\/\/www.essener-skiklub.de\/wp-content\/uploads\/2016\/04\/22.01.2011-B\u00f6defeld-GER-Head-Cup-2-SL.pdf\" class=\"mtli_attachment mtli_pdf\" target=\"_blank\" rel=\"noopener noreferrer\">22.01.2011, B\u00f6defeld (GER), Head-Cup 2, SL<\/a> (breitensportliches Skirennen)<br \/>\n<a href=\"http:\/\/www.essener-skiklub.de\/wp-content\/uploads\/2016\/04\/22.01.2011-B\u00f6defeld-GER-Head-Cup-1-SL.pdf\" class=\"mtli_attachment mtli_pdf\" target=\"_blank\" rel=\"noopener noreferrer\">22.01.2011, B\u00f6defeld (GER), Head-Cup 1, SL<\/a>\u00a0(breitensportliches Skirennen)<br \/>\n<a href=\"http:\/\/www.essener-skiklub.de\/wp-content\/uploads\/2016\/04\/16.01.2011-Maria-Alm-AUT-Westdeutsche-Meisterschaften-SG.pdf\" class=\"mtli_attachment mtli_pdf\" target=\"_blank\" rel=\"noopener noreferrer\">16.01.2011, Maria-Alm (AUT), Westdeutsche Meisterschaften, SG<\/a> (DSV-Sch\u00fcler-Punkterennen)<br \/>\n<a href=\"http:\/\/www.essener-skiklub.de\/wp-content\/uploads\/2016\/04\/16.01.2011-Maria-Alm-AUT-Westdeutsche-Meisterschaften-RS.pdf\" class=\"mtli_attachment mtli_pdf\" target=\"_blank\" rel=\"noopener noreferrer\">16.01.2011, Maria-Alm (AUT), Westdeutsche Meisterschaften, RS<\/a>\u00a0(DSV-Sch\u00fcler-Punkterennen)<br \/>\n<a href=\"http:\/\/www.essener-skiklub.de\/wp-content\/uploads\/2016\/04\/15.01.2011-Maria-Alm-AUT-Westdeutsche-Meisterschaften-SL.pdf\" class=\"mtli_attachment mtli_pdf\" target=\"_blank\" rel=\"noopener noreferrer\">15.01.2011, Maria-Alm (AUT), Westdeutsche Meisterschaften, SL<\/a>\u00a0(DSV-Sch\u00fcler-Punkterennen)<br \/>\n<a href=\"http:\/\/www.essener-skiklub.de\/wp-content\/uploads\/2016\/04\/28.11.2010-Bottrop-GER-DSV-Punkterennen-SL.pdf\" class=\"mtli_attachment mtli_pdf\" target=\"_blank\" rel=\"noopener noreferrer\">28.11.2010, Bottrop (GER), DSV-Punkterennen, SL<\/a>\u00a0(DSV-Sch\u00fcler-Punkterennen)<br \/>\n<a href=\"http:\/\/www.essener-skiklub.de\/wp-content\/uploads\/2016\/04\/27.11.2010-Bottrop-GER-DSV-Punkterennen-SL.pdf\" class=\"mtli_attachment mtli_pdf\" target=\"_blank\" rel=\"noopener noreferrer\">27.11.2010, Bottrop (GER), DSV-Punkterennen, SL<\/a> (DSV-Sch\u00fcler-Punkterennen)<br \/>\n<a href=\"http:\/\/www.essener-skiklub.de\/wp-content\/uploads\/2016\/04\/21.11.2010-Bottrop-GER-wsv-Nachwuchs-Cup-II-VRS.pdf\" class=\"mtli_attachment mtli_pdf\" target=\"_blank\" rel=\"noopener noreferrer\">21.11.2010, Bottrop (GER), wsv-Nachwuchs-Cup II, VRS<\/a>\u00a0(wsv-Nachwuchs-Cup)<br \/>\n<a href=\"http:\/\/www.essener-skiklub.de\/wp-content\/uploads\/2016\/04\/21.11.2010-Bottrop-GER-wsv-Nachwuchs-Cup-I-VRS.pdf\" class=\"mtli_attachment mtli_pdf\" target=\"_blank\" rel=\"noopener noreferrer\">21.11.2010, Bottrop (GER), wsv-Nachwuchs-Cup I, VRS<\/a>\u00a0(wsv-Nachwuchs-Cup)<br \/>\n<a href=\"http:\/\/www.essener-skiklub.de\/wp-content\/uploads\/2016\/04\/14.11.2010-Bottrop-GER-Deutschland-Pokal-II-SL.pdf\" class=\"mtli_attachment mtli_pdf\" target=\"_blank\" rel=\"noopener noreferrer\">14.11.2010, Bottrop (GER), Deutschland-Pokal II, SL<\/a>\u00a0(DSV-Punkterennen)<br \/>\n<a href=\"http:\/\/www.essener-skiklub.de\/wp-content\/uploads\/2016\/04\/13.11.2010-Bottrop-GER-Deutschland-Pokal-I-SL.pdf\" class=\"mtli_attachment mtli_pdf\" target=\"_blank\" rel=\"noopener noreferrer\">13.11.2010, Bottrop (GER), Deutschland-Pokal I, SL<\/a>\u00a0(DSV-Punkterennen)<br \/>\n<\/strong><\/div><\/div>\n<p><strong>Alpine Rennmannschaft sucht talentierten Nachwuchs<br \/>\n<\/strong>Hast du Interesse Rennl\u00e4ufer zu werden? Dann bist du bei uns genau richtig. Ein ideales Einstiegsalter liegt zwischen sechs und zehn Jahren. Aber auch \u00e4ltere talentierte Skifahrer &#8211; ob elf oder 17 Jahre jung &#8211; sind herzlich eingeladen zu einem Schnuppertraining in das alpincenter Bottrop zu kommen. Holt euch Rat bei unseren Trainern&#8230;<\/p>\n","protected":false},"excerpt":{"rendered":"<p>Der Alpinsport ist der Kernbereich der jugendsportlichen Arbeit im Essener Skiklub. Er gliedert sich in die Bereiche Wettkampfsport (Rennlauf) und Breitensport (Nachwuchs). Wir bieten sowohl f\u00fcr Kinder ab etwa f\u00fcnf &hellip; <a href=\"https:\/\/www.essener-skiklub.de\/?page_id=28\" class=\"more-link\"><span class=\"screen-reader-text\">Alpinsport<\/span> weiterlesen <span class=\"meta-nav\">&rarr;<\/span><\/a><\/p>\n","protected":false},"author":1,"featured_media":0,"parent":0,"menu_order":0,"comment_status":"closed","ping_status":"closed","template":"","meta":{"footnotes":""},"class_list":["post-28","page","type-page","status-publish","hentry"],"_links":{"self":[{"href":"https:\/\/www.essener-skiklub.de\/index.php?rest_route=\/wp\/v2\/pages\/28","targetHints":{"allow":["GET"]}}],"collection":[{"href":"https:\/\/www.essener-skiklub.de\/index.php?rest_route=\/wp\/v2\/pages"}],"about":[{"href":"https:\/\/www.essener-skiklub.de\/index.php?rest_route=\/wp\/v2\/types\/page"}],"author":[{"embeddable":true,"href":"https:\/\/www.essener-skiklub.de\/index.php?rest_route=\/wp\/v2\/users\/1"}],"replies":[{"embeddable":true,"href":"https:\/\/www.essener-skiklub.de\/index.php?rest_route=%2Fwp%2Fv2%2Fcomments&post=28"}],"version-history":[{"count":44,"href":"https:\/\/www.essener-skiklub.de\/index.php?rest_route=\/wp\/v2\/pages\/28\/revisions"}],"predecessor-version":[{"id":1937,"href":"https:\/\/www.essener-skiklub.de\/index.php?rest_route=\/wp\/v2\/pages\/28\/revisions\/1937"}],"wp:attachment":[{"href":"https:\/\/www.essener-skiklub.de\/index.php?rest_route=%2Fwp%2Fv2%2Fmedia&parent=28"}],"curies":[{"name":"wp","href":"https:\/\/api.w.org\/{rel}","templated":true}]}}