{"id":81,"date":"2016-04-29T14:47:26","date_gmt":"2016-04-29T14:47:26","guid":{"rendered":"http:\/\/wordpress.essener-skiklub.de\/?page_id=81"},"modified":"2016-05-08T11:42:30","modified_gmt":"2016-05-08T11:42:30","slug":"wintersport","status":"publish","type":"page","link":"https:\/\/www.essener-skiklub.de\/?page_id=81","title":{"rendered":"Wintersport"},"content":{"rendered":"<div><\/div>\n<p>Als Skiklub legt der Verein seinen Fokus nat\u00fcrlich auf die alpinen Sportarten.\u00a0Der Kernbereich bezieht sich auf die jugendsportliche Arbeit. Hier werden\u00a0sowohl wettkampsportliche als auch breitensportliche Schwerpunkte gesetzt, f\u00fcr Kinder sowie Erwachsene, vom Einsteiger bis zum Profi.\u00a0Im Laufe der Jahre haben sich zwei gro\u00dfe Projekte der DSV-Skischule etabliert, so begleitet der Essener Skiklub\u00a0seine\u00a0Mitglieder seit Jahren mit einem umfangreichen\u00a0Skischulangebot\u00a0in den Osterferien nach Grimentz und in den Weihnachtsferien nach Burgeis. Ein gro\u00dfes Event sind au\u00dferdem die Essener Stadtmeisterschaften, die allj\u00e4hrlich in Grimentz ausgetragen werden.<\/p>\n<div><\/div>\n","protected":false},"excerpt":{"rendered":"<p>Als Skiklub legt der Verein seinen Fokus nat\u00fcrlich auf die alpinen Sportarten.\u00a0Der Kernbereich bezieht sich auf die jugendsportliche Arbeit. Hier werden\u00a0sowohl wettkampsportliche als auch breitensportliche Schwerpunkte gesetzt, f\u00fcr Kinder sowie &hellip; <a href=\"https:\/\/www.essener-skiklub.de\/?page_id=81\" class=\"more-link\"><span class=\"screen-reader-text\">Wintersport<\/span> weiterlesen <span class=\"meta-nav\">&rarr;<\/span><\/a><\/p>\n","protected":false},"author":1,"featured_media":0,"parent":0,"menu_order":0,"comment_status":"closed","ping_status":"closed","template":"","meta":{"footnotes":""},"class_list":["post-81","page","type-page","status-publish","hentry"],"_links":{"self":[{"href":"https:\/\/www.essener-skiklub.de\/index.php?rest_route=\/wp\/v2\/pages\/81","targetHints":{"allow":["GET"]}}],"collection":[{"href":"https:\/\/www.essener-skiklub.de\/index.php?rest_route=\/wp\/v2\/pages"}],"about":[{"href":"https:\/\/www.essener-skiklub.de\/index.php?rest_route=\/wp\/v2\/types\/page"}],"author":[{"embeddable":true,"href":"https:\/\/www.essener-skiklub.de\/index.php?rest_route=\/wp\/v2\/users\/1"}],"replies":[{"embeddable":true,"href":"https:\/\/www.essener-skiklub.de\/index.php?rest_route=%2Fwp%2Fv2%2Fcomments&post=81"}],"version-history":[{"count":2,"href":"https:\/\/www.essener-skiklub.de\/index.php?rest_route=\/wp\/v2\/pages\/81\/revisions"}],"predecessor-version":[{"id":252,"href":"https:\/\/www.essener-skiklub.de\/index.php?rest_route=\/wp\/v2\/pages\/81\/revisions\/252"}],"wp:attachment":[{"href":"https:\/\/www.essener-skiklub.de\/index.php?rest_route=%2Fwp%2Fv2%2Fmedia&parent=81"}],"curies":[{"name":"wp","href":"https:\/\/api.w.org\/{rel}","templated":true}]}}